{"id":1020,"date":"2016-04-27T15:38:36","date_gmt":"2016-04-27T13:38:36","guid":{"rendered":"https:\/\/dittmann-medical-writing.de\/de\/?page_id=1020"},"modified":"2024-07-09T14:07:29","modified_gmt":"2024-07-09T12:07:29","slug":"more","status":"publish","type":"page","link":"https:\/\/dittmann-medical-writing.de\/de\/portfolio-2\/more\/","title":{"rendered":"Weitere"},"content":{"rendered":"\n\n\t<p>&nbsp;<\/p>\n<p>&nbsp;<\/p>\n<p>&nbsp;<\/p>\n<p><a title=\"Gesundheits\u00f6konomie\" href=\"https:\/\/dittmann-medical-writing.de\/de\/portfolio-2\/gastroenterology\/\"><strong>&lt;<\/strong><\/a><\/p>\n\t\t\t\t<a href=\"https:\/\/dittmann-medical-writing.de\/de\/wp-content\/uploads\/2016\/04\/Weitere.jpg\" target=\"_self\" itemprop=\"url\" rel=\"noopener noreferrer\">\n\t\t\t\t<img loading=\"lazy\" decoding=\"async\" src=\"https:\/\/dittmann-medical-writing.de\/de\/wp-content\/uploads\/2016\/04\/Weitere.jpg\" alt=\"Weitere\" itemprop=\"image\" height=\"450\" width=\"600\" title=\"Weitere\" onerror=\"this.style.display='none'\"  \/>\n\t\t\t\t<\/a>\n\t<p>&nbsp;<\/p>\n<p>&nbsp;<\/p>\n<p>&nbsp;<\/p>\n<p><a title=\"H\u00e4matologie\" href=\"https:\/\/dittmann-medical-writing.de\/de\/hematology\/\"><strong>&gt;<\/strong><\/a><\/p>\n\t<h1>Weitere<\/h1>\n<p><strong>Altersbedingte Makuladegeneration: <\/strong><\/p>\n<ul>\n<li>Studienbericht f\u00fcr eine nicht-interventionelle Studie zur Wirksamkeit und Real-World-Versorgung mit intravitrealen Injektionen<\/li>\n<\/ul>\n<p><strong>Asthma und COPD: <\/strong><\/p>\n<ul>\n<li>Skripte f\u00fcr ein Lehrvideo mit Patienteninterviews<\/li>\n<li>Webcontent f\u00fcr ein Informationsportal<\/li>\n<li>Produktbrosch\u00fcre zu einem Inhaler f\u00fcr Fachkreise<\/li>\n<\/ul>\n<p><strong>Hypercholesterin\u00e4mie: <\/strong><\/p>\n<ul>\n<li>Storyboard f\u00fcr einen produktneutralen Kurzfilm zur Geschichte des Cholesterins<\/li>\n<li>Mehrere Advisory Board Reports zu einem PCSK9-Inhibitor<\/li>\n<\/ul>\n<p><strong>In-vitro-Fertilisation: <\/strong><\/p>\n<ul>\n<li>Reportage \u00fcber den Ablauf von Befruchtung und Kultivierung im Labor<\/li>\n<\/ul>\n<p><strong>Lysosomale Speicherkrankheiten:<\/strong><\/p>\n<ul>\n<li>Mehrere simulierte Patientenf\u00e4lle f\u00fcr eine interaktive eLearning-Plattform (Morbus Fabry)<\/li>\n<li>Patientenbrosch\u00fcre zum Thema Cystinose bei Kindern und Behandlungsm\u00f6glichkeiten<\/li>\n<li>Slide Review und Pr\u00e4sentationsablauf im Rahmen eines \u00c4rztekongresses<\/li>\n<\/ul>\n<p><strong>Psoriasis und Psoriasis-Arthritis: <\/strong><\/p>\n<ul>\n<li>Manuskript zu Patientenpr\u00e4ferenzen in der Behandlung der moderaten bis schweren Plaque-Psoriasis<\/li>\n<li>Studienbericht f\u00fcr eine nicht-interventionelle Studie zur Behandlung der moderaten bis schweren Plaque-Psoriasis<\/li>\n<li>Verschiedene wissenschaftliche Kurzartikel f\u00fcr digitalen Content, z.\u00a0B. zur Handhabung und dem Wirkmechanismus eines Arzneimittels<\/li>\n<li>Mehrere simulierte Patientenf\u00e4lle f\u00fcr eine interaktive eLearning-Plattform<\/li>\n<\/ul>\n<p><strong>Rheuma: <\/strong><\/p>\n<ul>\n<li>Gutachten und Produktbrosch\u00fcre f\u00fcr ein antirheumatisches Pr\u00e4parat<\/li>\n<\/ul>\n<p><strong>Schwangerschafts\u00fcbelkeit und -erbrechen: <\/strong><\/p>\n<ul>\n<li>Produktmonografie f\u00fcr ein Antiemetikum<\/li>\n<\/ul>\n<p><strong>Transplantation: <\/strong><\/p>\n<ul>\n<li>Umfangreiche Online-Inhalte f\u00fcr anpassbare Patienteninformationen (Transplantation von Niere, Herz oder Leber)<\/li>\n<\/ul>\n<p><strong>Typ-2-Diabetes: <\/strong><\/p>\n<ul>\n<li>Klinische Module eines Zulassungsdossiers f\u00fcr ein neues Kombipr\u00e4parat<\/li>\n<\/ul>\n<p><a title=\"Portfolio\" href=\"https:\/\/dittmann-medical-writing.de\/de\/portfolio-2\/\">Zur\u00fcck zur \u00dcbersicht<\/a><\/p>\n\n","protected":false},"excerpt":{"rendered":"<p>&nbsp; &nbsp; &nbsp; &lt; &nbsp; &nbsp; &nbsp; &gt; Weitere Altersbedingte Makuladegeneration: Studienbericht f\u00fcr eine nicht-interventionelle Studie zur Wirksamkeit und Real-World-Versorgung mit intravitrealen Injektionen Asthma und COPD: Skripte f\u00fcr ein Lehrvideo mit Patienteninterviews Webcontent f\u00fcr ein Informationsportal Produktbrosch\u00fcre zu einem Inhaler f\u00fcr Fachkreise Hypercholesterin\u00e4mie: Storyboard f\u00fcr einen produktneutralen Kurzfilm zur Geschichte des Cholesterins Mehrere Advisory Board [&hellip;]<\/p>\n","protected":false},"author":1,"featured_media":0,"parent":946,"menu_order":7,"comment_status":"closed","ping_status":"closed","template":"","meta":{"footnotes":""},"class_list":["post-1020","page","type-page","status-publish","hentry"],"yoast_head":"<!-- This site is optimized with the Yoast SEO plugin v26.1 - https:\/\/yoast.com\/wordpress\/plugins\/seo\/ -->\n<title>Weitere &#8211; Dittmann Medical Writing \u2013 Hamburg<\/title>\n<meta name=\"robots\" content=\"index, follow, max-snippet:-1, max-image-preview:large, max-video-preview:-1\" \/>\n<link rel=\"canonical\" href=\"https:\/\/dittmann-medical-writing.de\/de\/portfolio-2\/more\/\" \/>\n<meta property=\"og:locale\" content=\"de_DE\" \/>\n<meta property=\"og:type\" content=\"article\" \/>\n<meta property=\"og:title\" content=\"Weitere &#8211; Dittmann Medical Writing \u2013 Hamburg\" \/>\n<meta property=\"og:description\" content=\"&nbsp; &nbsp; &nbsp; &lt; &nbsp; &nbsp; &nbsp; &gt; Weitere Altersbedingte Makuladegeneration: Studienbericht f\u00fcr eine nicht-interventionelle Studie zur Wirksamkeit und Real-World-Versorgung mit intravitrealen Injektionen Asthma und COPD: Skripte f\u00fcr ein Lehrvideo mit Patienteninterviews Webcontent f\u00fcr ein Informationsportal Produktbrosch\u00fcre zu einem Inhaler f\u00fcr Fachkreise Hypercholesterin\u00e4mie: Storyboard f\u00fcr einen produktneutralen Kurzfilm zur Geschichte des Cholesterins Mehrere Advisory Board [&hellip;]\" \/>\n<meta property=\"og:url\" content=\"https:\/\/dittmann-medical-writing.de\/de\/portfolio-2\/more\/\" \/>\n<meta property=\"og:site_name\" content=\"Dittmann Medical Writing \u2013 Hamburg\" \/>\n<meta property=\"article:modified_time\" content=\"2024-07-09T12:07:29+00:00\" \/>\n<meta property=\"og:image\" content=\"https:\/\/dittmann-medical-writing.de\/de\/wp-content\/uploads\/2016\/04\/Weitere.jpg\" \/>\n<meta name=\"twitter:card\" content=\"summary_large_image\" \/>\n<meta name=\"twitter:label1\" content=\"Gesch\u00e4tzte Lesezeit\" \/>\n\t<meta name=\"twitter:data1\" content=\"1\u00a0Minute\" \/>\n<script type=\"application\/ld+json\" class=\"yoast-schema-graph\">{\"@context\":\"https:\/\/schema.org\",\"@graph\":[{\"@type\":\"WebPage\",\"@id\":\"https:\/\/dittmann-medical-writing.de\/de\/portfolio-2\/more\/\",\"url\":\"https:\/\/dittmann-medical-writing.de\/de\/portfolio-2\/more\/\",\"name\":\"Weitere &#8211; Dittmann Medical Writing \u2013 Hamburg\",\"isPartOf\":{\"@id\":\"https:\/\/dittmann-medical-writing.de\/de\/#website\"},\"primaryImageOfPage\":{\"@id\":\"https:\/\/dittmann-medical-writing.de\/de\/portfolio-2\/more\/#primaryimage\"},\"image\":{\"@id\":\"https:\/\/dittmann-medical-writing.de\/de\/portfolio-2\/more\/#primaryimage\"},\"thumbnailUrl\":\"https:\/\/dittmann-medical-writing.de\/de\/wp-content\/uploads\/2016\/04\/Weitere.jpg\",\"datePublished\":\"2016-04-27T13:38:36+00:00\",\"dateModified\":\"2024-07-09T12:07:29+00:00\",\"breadcrumb\":{\"@id\":\"https:\/\/dittmann-medical-writing.de\/de\/portfolio-2\/more\/#breadcrumb\"},\"inLanguage\":\"de\",\"potentialAction\":[{\"@type\":\"ReadAction\",\"target\":[\"https:\/\/dittmann-medical-writing.de\/de\/portfolio-2\/more\/\"]}]},{\"@type\":\"ImageObject\",\"inLanguage\":\"de\",\"@id\":\"https:\/\/dittmann-medical-writing.de\/de\/portfolio-2\/more\/#primaryimage\",\"url\":\"https:\/\/dittmann-medical-writing.de\/de\/wp-content\/uploads\/2016\/04\/Weitere.jpg\",\"contentUrl\":\"https:\/\/dittmann-medical-writing.de\/de\/wp-content\/uploads\/2016\/04\/Weitere.jpg\",\"width\":600,\"height\":450,\"caption\":\"Weitere\"},{\"@type\":\"BreadcrumbList\",\"@id\":\"https:\/\/dittmann-medical-writing.de\/de\/portfolio-2\/more\/#breadcrumb\",\"itemListElement\":[{\"@type\":\"ListItem\",\"position\":1,\"name\":\"Home\",\"item\":\"https:\/\/dittmann-medical-writing.de\/de\/\"},{\"@type\":\"ListItem\",\"position\":2,\"name\":\"Portfolio\",\"item\":\"https:\/\/dittmann-medical-writing.de\/de\/portfolio-2\/\"},{\"@type\":\"ListItem\",\"position\":3,\"name\":\"Weitere\"}]},{\"@type\":\"WebSite\",\"@id\":\"https:\/\/dittmann-medical-writing.de\/de\/#website\",\"url\":\"https:\/\/dittmann-medical-writing.de\/de\/\",\"name\":\"Dittmann Medical Writing \u2013 Hamburg\",\"description\":\"\",\"publisher\":{\"@id\":\"https:\/\/dittmann-medical-writing.de\/de\/#organization\"},\"potentialAction\":[{\"@type\":\"SearchAction\",\"target\":{\"@type\":\"EntryPoint\",\"urlTemplate\":\"https:\/\/dittmann-medical-writing.de\/de\/?s={search_term_string}\"},\"query-input\":{\"@type\":\"PropertyValueSpecification\",\"valueRequired\":true,\"valueName\":\"search_term_string\"}}],\"inLanguage\":\"de\"},{\"@type\":\"Organization\",\"@id\":\"https:\/\/dittmann-medical-writing.de\/de\/#organization\",\"name\":\"Dittmann Medical Writing\",\"url\":\"https:\/\/dittmann-medical-writing.de\/de\/\",\"logo\":{\"@type\":\"ImageObject\",\"inLanguage\":\"de\",\"@id\":\"https:\/\/dittmann-medical-writing.de\/de\/#\/schema\/logo\/image\/\",\"url\":\"https:\/\/dittmann-medical-writing.de\/de\/wp-content\/uploads\/2016\/03\/logo_high_resolution.png\",\"contentUrl\":\"https:\/\/dittmann-medical-writing.de\/de\/wp-content\/uploads\/2016\/03\/logo_high_resolution.png\",\"width\":2333,\"height\":485,\"caption\":\"Dittmann Medical Writing\"},\"image\":{\"@id\":\"https:\/\/dittmann-medical-writing.de\/de\/#\/schema\/logo\/image\/\"},\"sameAs\":[\"https:\/\/de.linkedin.com\/in\/juliadittmann\"]}]}<\/script>\n<!-- \/ Yoast SEO plugin. -->","yoast_head_json":{"title":"Weitere &#8211; Dittmann Medical Writing \u2013 Hamburg","robots":{"index":"index","follow":"follow","max-snippet":"max-snippet:-1","max-image-preview":"max-image-preview:large","max-video-preview":"max-video-preview:-1"},"canonical":"https:\/\/dittmann-medical-writing.de\/de\/portfolio-2\/more\/","og_locale":"de_DE","og_type":"article","og_title":"Weitere &#8211; Dittmann Medical Writing \u2013 Hamburg","og_description":"&nbsp; &nbsp; &nbsp; &lt; &nbsp; &nbsp; &nbsp; &gt; Weitere Altersbedingte Makuladegeneration: Studienbericht f\u00fcr eine nicht-interventionelle Studie zur Wirksamkeit und Real-World-Versorgung mit intravitrealen Injektionen Asthma und COPD: Skripte f\u00fcr ein Lehrvideo mit Patienteninterviews Webcontent f\u00fcr ein Informationsportal Produktbrosch\u00fcre zu einem Inhaler f\u00fcr Fachkreise Hypercholesterin\u00e4mie: Storyboard f\u00fcr einen produktneutralen Kurzfilm zur Geschichte des Cholesterins Mehrere Advisory Board [&hellip;]","og_url":"https:\/\/dittmann-medical-writing.de\/de\/portfolio-2\/more\/","og_site_name":"Dittmann Medical Writing \u2013 Hamburg","article_modified_time":"2024-07-09T12:07:29+00:00","og_image":[{"url":"https:\/\/dittmann-medical-writing.de\/de\/wp-content\/uploads\/2016\/04\/Weitere.jpg","type":"","width":"","height":""}],"twitter_card":"summary_large_image","twitter_misc":{"Gesch\u00e4tzte Lesezeit":"1\u00a0Minute"},"schema":{"@context":"https:\/\/schema.org","@graph":[{"@type":"WebPage","@id":"https:\/\/dittmann-medical-writing.de\/de\/portfolio-2\/more\/","url":"https:\/\/dittmann-medical-writing.de\/de\/portfolio-2\/more\/","name":"Weitere &#8211; Dittmann Medical Writing \u2013 Hamburg","isPartOf":{"@id":"https:\/\/dittmann-medical-writing.de\/de\/#website"},"primaryImageOfPage":{"@id":"https:\/\/dittmann-medical-writing.de\/de\/portfolio-2\/more\/#primaryimage"},"image":{"@id":"https:\/\/dittmann-medical-writing.de\/de\/portfolio-2\/more\/#primaryimage"},"thumbnailUrl":"https:\/\/dittmann-medical-writing.de\/de\/wp-content\/uploads\/2016\/04\/Weitere.jpg","datePublished":"2016-04-27T13:38:36+00:00","dateModified":"2024-07-09T12:07:29+00:00","breadcrumb":{"@id":"https:\/\/dittmann-medical-writing.de\/de\/portfolio-2\/more\/#breadcrumb"},"inLanguage":"de","potentialAction":[{"@type":"ReadAction","target":["https:\/\/dittmann-medical-writing.de\/de\/portfolio-2\/more\/"]}]},{"@type":"ImageObject","inLanguage":"de","@id":"https:\/\/dittmann-medical-writing.de\/de\/portfolio-2\/more\/#primaryimage","url":"https:\/\/dittmann-medical-writing.de\/de\/wp-content\/uploads\/2016\/04\/Weitere.jpg","contentUrl":"https:\/\/dittmann-medical-writing.de\/de\/wp-content\/uploads\/2016\/04\/Weitere.jpg","width":600,"height":450,"caption":"Weitere"},{"@type":"BreadcrumbList","@id":"https:\/\/dittmann-medical-writing.de\/de\/portfolio-2\/more\/#breadcrumb","itemListElement":[{"@type":"ListItem","position":1,"name":"Home","item":"https:\/\/dittmann-medical-writing.de\/de\/"},{"@type":"ListItem","position":2,"name":"Portfolio","item":"https:\/\/dittmann-medical-writing.de\/de\/portfolio-2\/"},{"@type":"ListItem","position":3,"name":"Weitere"}]},{"@type":"WebSite","@id":"https:\/\/dittmann-medical-writing.de\/de\/#website","url":"https:\/\/dittmann-medical-writing.de\/de\/","name":"Dittmann Medical Writing \u2013 Hamburg","description":"","publisher":{"@id":"https:\/\/dittmann-medical-writing.de\/de\/#organization"},"potentialAction":[{"@type":"SearchAction","target":{"@type":"EntryPoint","urlTemplate":"https:\/\/dittmann-medical-writing.de\/de\/?s={search_term_string}"},"query-input":{"@type":"PropertyValueSpecification","valueRequired":true,"valueName":"search_term_string"}}],"inLanguage":"de"},{"@type":"Organization","@id":"https:\/\/dittmann-medical-writing.de\/de\/#organization","name":"Dittmann Medical Writing","url":"https:\/\/dittmann-medical-writing.de\/de\/","logo":{"@type":"ImageObject","inLanguage":"de","@id":"https:\/\/dittmann-medical-writing.de\/de\/#\/schema\/logo\/image\/","url":"https:\/\/dittmann-medical-writing.de\/de\/wp-content\/uploads\/2016\/03\/logo_high_resolution.png","contentUrl":"https:\/\/dittmann-medical-writing.de\/de\/wp-content\/uploads\/2016\/03\/logo_high_resolution.png","width":2333,"height":485,"caption":"Dittmann Medical Writing"},"image":{"@id":"https:\/\/dittmann-medical-writing.de\/de\/#\/schema\/logo\/image\/"},"sameAs":["https:\/\/de.linkedin.com\/in\/juliadittmann"]}]}},"_links":{"self":[{"href":"https:\/\/dittmann-medical-writing.de\/de\/wp-json\/wp\/v2\/pages\/1020","targetHints":{"allow":["GET"]}}],"collection":[{"href":"https:\/\/dittmann-medical-writing.de\/de\/wp-json\/wp\/v2\/pages"}],"about":[{"href":"https:\/\/dittmann-medical-writing.de\/de\/wp-json\/wp\/v2\/types\/page"}],"author":[{"embeddable":true,"href":"https:\/\/dittmann-medical-writing.de\/de\/wp-json\/wp\/v2\/users\/1"}],"replies":[{"embeddable":true,"href":"https:\/\/dittmann-medical-writing.de\/de\/wp-json\/wp\/v2\/comments?post=1020"}],"version-history":[{"count":26,"href":"https:\/\/dittmann-medical-writing.de\/de\/wp-json\/wp\/v2\/pages\/1020\/revisions"}],"predecessor-version":[{"id":1889,"href":"https:\/\/dittmann-medical-writing.de\/de\/wp-json\/wp\/v2\/pages\/1020\/revisions\/1889"}],"up":[{"embeddable":true,"href":"https:\/\/dittmann-medical-writing.de\/de\/wp-json\/wp\/v2\/pages\/946"}],"wp:attachment":[{"href":"https:\/\/dittmann-medical-writing.de\/de\/wp-json\/wp\/v2\/media?parent=1020"}],"curies":[{"name":"wp","href":"https:\/\/api.w.org\/{rel}","templated":true}]}}