{"id":1720,"date":"2024-05-10T15:21:38","date_gmt":"2024-05-10T13:21:38","guid":{"rendered":"https:\/\/dittmann-medical-writing.de\/de\/?page_id=1720"},"modified":"2026-05-07T16:51:44","modified_gmt":"2026-05-07T14:51:44","slug":"samples","status":"publish","type":"page","link":"https:\/\/dittmann-medical-writing.de\/de\/samples\/","title":{"rendered":"Arbeitsproben"},"content":{"rendered":"\n<figure itemscope itemtype=\"https:\/\/schema.org\/ImageObject\">\n\t\t\t\t<img decoding=\"async\" src=\"https:\/\/dittmann-medical-writing.de\/de\/wp-content\/uploads\/2024\/05\/AdobeStock_508720329_Editorial_Use_Only-1024x683.jpeg\" alt=\"Scientific publications\" height=\"417\" width=\"625\" title=\"Tada Images - adobe.stock.com: Sunnyvale, CA, USA - May 2, 2022: Homepage of Science.org is seen on a MacBook. Science Magazine is the peer-reviewed academic journal of the American Association for the Advancement of Science.\" onerror=\"this.style.display='none'\" loading=\"lazy\" \/>\n\t\t<figcaption>Tada Images &#8211; stock.adobe.com<\/figcaption>\n\t<\/figure>\n\t\t\n<h1>Arbeitsproben<\/h1>\n<h2>Medizinisch-wissenschaftliche Publikationen<\/h2>\nHier finden Sie eine Auswahl kostenfrei zug\u00e4nglicher, Peer-gereviewter Publikationen, bei denen ich im Medical Writing unterst\u00fctzt habe. Weitere Publikationen mit meiner Unterst\u00fctzung benenne ich Ihnen gern auf Anfrage.<br \/>\n\n<h3>Infektionspr\u00e4vention<\/h3>\n<ul>\n<li>Assadian O, Harbarth S, Vos M, et al. Practical recommendations for routine cleaning and disinfection procedures in healthcare institutions: a narrative review. J Hosp Infect. 2021;113: 104-114. <a href=\"https:\/\/www.journalofhospitalinfection.com\/article\/S0195-6701(21)00105-5\/fulltext\" target=\"_blank\" rel=\"noopener\"><strong>Volltext<\/strong><\/a><\/li>\n<li>\nHerzer C, Berg T, Hegemann C, et al. The state of hand rub dispensers in healthcare settings &#8211; a multicenter assessment in 19 German healthcare facilities. Antimicrob Resist Infect Control. 2024;13: 118. <strong><a href=\"https:\/\/doi.org\/10.1186\/s13756-024-01470-w\" target=\"_blank\" rel=\"noopener\">Volltext<\/a><\/strong><br \/>\n<\/li>\n<li>Krewing M, M\u00f6nch E, Bolten A, Niesalla H. Resistance or tolerance? Highlighting the need for precise terminology in the field of disinfection. J Hosp Infect. 2024: S0195-6701(24)00176-2. <strong><a href=\"https:\/\/www.journalofhospitalinfection.com\/article\/S0195-6701(24)00176-2\/fulltext\" target=\"_blank\" rel=\"noopener\">Volltext<\/a><\/strong><br \/>\n<\/li>\n<li>M\u00f6nch E, Bolten A, Niesalla H, Senges C. Alcohol-based hand rubs can fulfil efficacy requirements of EN 1500 in 15 seconds. GMS Hyg Infect Control. 2024;19:Doc41. <strong><a href=\"https:\/\/www.ncbi.nlm.nih.gov\/pmc\/articles\/PMC11367557\/\" target=\"_blank\" rel=\"noopener\">Volltext<\/a><\/strong><br \/>\n<\/li>\n<li>Otchwemah R, Sons D, Senges C, et al. Observing is influencing: How hand disinfection compliance observations affect hand disinfection rates; specifics derived from an electronic monitoring system. Am J Infect Control. 2025;53: 1058-1063. <strong><a href=\"https:\/\/www.ajicjournal.org\/article\/S0196-6553(25)00451-1\/fulltext\" target=\"_blank\" rel=\"noopener\">Volltext<\/a><\/strong><\/li>\n<li>Senges C, Herzer C, Norkus E, et al. Workflows and locations matter &#8211; insights from electronic hand hygiene monitoring into the use of hand rub dispensers across diverse hospital wards. Infect Prev Pract. 2024;6: 100364. <strong><a href=\"https:\/\/www.sciencedirect.com\/science\/article\/pii\/S2590088924000283?via%3Dihub\" target=\"_blank\" rel=\"noopener\">Volltext<\/a><\/strong><\/li>\n<li>Senges C, Laatzen M, Herzer C, et al. How professions, the COVID-19 pandemic, and feedback influence alcohol-based hand-rub volumes per disinfection in functional units of a German hospital: a long-term evaluation. J Hosp Infect. 2026;167: 170-180. <strong><a href=\"https:\/\/www.journalofhospitalinfection.com\/article\/S0195-6701(25)00336-6\/fulltext\" target=\"_blank\" rel=\"noopener\">Volltext<\/a><\/strong><\/li>\n<\/ul>\n<h3>Neurologie<\/h3>\n<ul>\n<li>Baltrusch S. The Role of Neurotropic B Vitamins in Nerve Regeneration. Biomed Res Int. 2021;2021: 9968228. <strong><a href=\"https:\/\/www.ncbi.nlm.nih.gov\/pmc\/articles\/PMC8294980\/\" target=\"_blank\" rel=\"noopener\">Volltext<\/a><\/strong><br \/>\n<\/li>\n<li>Calder\u00f3n-Ospina CA, Nava-Mesa MO. B Vitamins in the nervous system: Current knowledge of the biochemical modes of action and synergies of thiamine, pyridoxine, and cobalamin. CNS Neurosci Ther. 2020;26:5-13. <strong><a href=\"https:\/\/onlinelibrary.wiley.com\/doi\/10.1111\/cns.13207\" target=\"_blank\" rel=\"noopener\">Volltext<\/a><\/strong><\/li>\n<li>Calder\u00f3n-Ospina CA, Nava-Mesa MO, Paez-Hurtado AM. Update on Safety Profiles of Vitamins B1, B6, and B12: A Narrative Review. Ther Clin Risk Manag. 2020;16: 1275-1288. <strong><a href=\"https:\/\/www.ncbi.nlm.nih.gov\/pmc\/articles\/PMC7764703\/\" target=\"_blank\" rel=\"noopener\">Volltext<\/a><\/strong><\/li>\n<li>Rodriguez-Saldana J, Mijangos JHS, Hancock CN, et al. Prevalence and disease burden of peripheral neuropathy in the general population in Mexico city: a cross-sectional epidemiological study. Curr Med Res Opin. 2024:1-11. Epub ahead of print. <strong><a href=\"https:\/\/www.tandfonline.com\/doi\/full\/10.1080\/03007995.2024.2352852\" target=\"_blank\" rel=\"noopener\">Volltext<\/a><\/strong><\/li>\n<\/ul>\n<h3>Onkologie<\/h3>\n<ul>\n<li>Reinisch M, Marschner N, Otto T, et al. Patient Preferences: Results of a German Adaptive Choice-Based Conjoint Analysis (Market Research Study Sponsored by Eli Lilly and Company) in Patients on Palliative Treatment for Advanced Breast Cancer. Breast Care (Basel). 2021;16: 491-499. <strong><a href=\"https:\/\/karger.com\/brc\/article\/16\/5\/491\/821770\/Patient-Preferences-Results-of-a-German-Adaptive\" target=\"_blank\" rel=\"noopener\">Volltext<\/a><\/strong><br \/>\n<\/li>\n<\/ul>\n<p>&nbsp;<\/p>\n<p>In K\u00fcrze stelle ich Ihnen hier auch weitere nicht-vertrauliche Arbeitsproben zur Verf\u00fcgung. Sprechen Sie mich in der Zwischenzeit gern darauf an.<\/p>\n\n","protected":false},"excerpt":{"rendered":"<p>Tada Images &#8211; stock.adobe.com Arbeitsproben Medizinisch-wissenschaftliche Publikationen Hier finden Sie eine Auswahl kostenfrei zug\u00e4nglicher, Peer-gereviewter Publikationen, bei denen ich im Medical Writing unterst\u00fctzt habe. Weitere Publikationen mit meiner Unterst\u00fctzung benenne ich Ihnen gern auf Anfrage. Infektionspr\u00e4vention Assadian O, Harbarth S, Vos M, et al. Practical recommendations for routine cleaning and disinfection procedures in healthcare institutions: [&hellip;]<\/p>\n","protected":false},"author":1,"featured_media":0,"parent":0,"menu_order":0,"comment_status":"closed","ping_status":"closed","template":"","meta":{"footnotes":""},"class_list":["post-1720","page","type-page","status-publish","hentry"],"yoast_head":"<!-- This site is optimized with the Yoast SEO plugin v27.5 - https:\/\/yoast.com\/product\/yoast-seo-wordpress\/ -->\n<title>Arbeitsproben &#8211; Dittmann Medical Writing \u2013 Hamburg<\/title>\n<meta name=\"robots\" content=\"index, follow, max-snippet:-1, max-image-preview:large, max-video-preview:-1\" \/>\n<link rel=\"canonical\" href=\"https:\/\/dittmann-medical-writing.de\/de\/samples\/\" \/>\n<meta property=\"og:locale\" content=\"de_DE\" \/>\n<meta property=\"og:type\" content=\"article\" \/>\n<meta property=\"og:title\" content=\"Arbeitsproben &#8211; Dittmann Medical Writing \u2013 Hamburg\" \/>\n<meta property=\"og:description\" content=\"Tada Images &#8211; stock.adobe.com Arbeitsproben Medizinisch-wissenschaftliche Publikationen Hier finden Sie eine Auswahl kostenfrei zug\u00e4nglicher, Peer-gereviewter Publikationen, bei denen ich im Medical Writing unterst\u00fctzt habe. Weitere Publikationen mit meiner Unterst\u00fctzung benenne ich Ihnen gern auf Anfrage. Infektionspr\u00e4vention Assadian O, Harbarth S, Vos M, et al. Practical recommendations for routine cleaning and disinfection procedures in healthcare institutions: [&hellip;]\" \/>\n<meta property=\"og:url\" content=\"https:\/\/dittmann-medical-writing.de\/de\/samples\/\" \/>\n<meta property=\"og:site_name\" content=\"Dittmann Medical Writing \u2013 Hamburg\" \/>\n<meta property=\"article:modified_time\" content=\"2026-05-07T14:51:44+00:00\" \/>\n<meta property=\"og:image\" content=\"https:\/\/dittmann-medical-writing.de\/de\/wp-content\/uploads\/2024\/05\/AdobeStock_508720329_Editorial_Use_Only-1024x683.jpeg\" \/>\n<meta name=\"twitter:card\" content=\"summary_large_image\" \/>\n<meta name=\"twitter:label1\" content=\"Gesch\u00e4tzte Lesezeit\" \/>\n\t<meta name=\"twitter:data1\" content=\"3\u00a0Minuten\" \/>\n<script type=\"application\/ld+json\" class=\"yoast-schema-graph\">{\"@context\":\"https:\\\/\\\/schema.org\",\"@graph\":[{\"@type\":\"WebPage\",\"@id\":\"https:\\\/\\\/dittmann-medical-writing.de\\\/de\\\/samples\\\/\",\"url\":\"https:\\\/\\\/dittmann-medical-writing.de\\\/de\\\/samples\\\/\",\"name\":\"Arbeitsproben &#8211; Dittmann Medical Writing \u2013 Hamburg\",\"isPartOf\":{\"@id\":\"https:\\\/\\\/dittmann-medical-writing.de\\\/de\\\/#website\"},\"primaryImageOfPage\":{\"@id\":\"https:\\\/\\\/dittmann-medical-writing.de\\\/de\\\/samples\\\/#primaryimage\"},\"image\":{\"@id\":\"https:\\\/\\\/dittmann-medical-writing.de\\\/de\\\/samples\\\/#primaryimage\"},\"thumbnailUrl\":\"https:\\\/\\\/dittmann-medical-writing.de\\\/de\\\/wp-content\\\/uploads\\\/2024\\\/05\\\/AdobeStock_508720329_Editorial_Use_Only-1024x683.jpeg\",\"datePublished\":\"2024-05-10T13:21:38+00:00\",\"dateModified\":\"2026-05-07T14:51:44+00:00\",\"breadcrumb\":{\"@id\":\"https:\\\/\\\/dittmann-medical-writing.de\\\/de\\\/samples\\\/#breadcrumb\"},\"inLanguage\":\"de\",\"potentialAction\":[{\"@type\":\"ReadAction\",\"target\":[\"https:\\\/\\\/dittmann-medical-writing.de\\\/de\\\/samples\\\/\"]}]},{\"@type\":\"ImageObject\",\"inLanguage\":\"de\",\"@id\":\"https:\\\/\\\/dittmann-medical-writing.de\\\/de\\\/samples\\\/#primaryimage\",\"url\":\"https:\\\/\\\/dittmann-medical-writing.de\\\/de\\\/wp-content\\\/uploads\\\/2024\\\/05\\\/AdobeStock_508720329_Editorial_Use_Only-scaled.jpeg\",\"contentUrl\":\"https:\\\/\\\/dittmann-medical-writing.de\\\/de\\\/wp-content\\\/uploads\\\/2024\\\/05\\\/AdobeStock_508720329_Editorial_Use_Only-scaled.jpeg\",\"width\":2560,\"height\":1707,\"caption\":\"Tada Images - stock.adobe.com\"},{\"@type\":\"BreadcrumbList\",\"@id\":\"https:\\\/\\\/dittmann-medical-writing.de\\\/de\\\/samples\\\/#breadcrumb\",\"itemListElement\":[{\"@type\":\"ListItem\",\"position\":1,\"name\":\"Home\",\"item\":\"https:\\\/\\\/dittmann-medical-writing.de\\\/de\\\/\"},{\"@type\":\"ListItem\",\"position\":2,\"name\":\"Arbeitsproben\"}]},{\"@type\":\"WebSite\",\"@id\":\"https:\\\/\\\/dittmann-medical-writing.de\\\/de\\\/#website\",\"url\":\"https:\\\/\\\/dittmann-medical-writing.de\\\/de\\\/\",\"name\":\"Dittmann Medical Writing \u2013 Hamburg\",\"description\":\"\",\"publisher\":{\"@id\":\"https:\\\/\\\/dittmann-medical-writing.de\\\/de\\\/#organization\"},\"potentialAction\":[{\"@type\":\"SearchAction\",\"target\":{\"@type\":\"EntryPoint\",\"urlTemplate\":\"https:\\\/\\\/dittmann-medical-writing.de\\\/de\\\/?s={search_term_string}\"},\"query-input\":{\"@type\":\"PropertyValueSpecification\",\"valueRequired\":true,\"valueName\":\"search_term_string\"}}],\"inLanguage\":\"de\"},{\"@type\":\"Organization\",\"@id\":\"https:\\\/\\\/dittmann-medical-writing.de\\\/de\\\/#organization\",\"name\":\"Dittmann Medical Writing\",\"url\":\"https:\\\/\\\/dittmann-medical-writing.de\\\/de\\\/\",\"logo\":{\"@type\":\"ImageObject\",\"inLanguage\":\"de\",\"@id\":\"https:\\\/\\\/dittmann-medical-writing.de\\\/de\\\/#\\\/schema\\\/logo\\\/image\\\/\",\"url\":\"https:\\\/\\\/dittmann-medical-writing.de\\\/de\\\/wp-content\\\/uploads\\\/2016\\\/03\\\/logo_high_resolution.png\",\"contentUrl\":\"https:\\\/\\\/dittmann-medical-writing.de\\\/de\\\/wp-content\\\/uploads\\\/2016\\\/03\\\/logo_high_resolution.png\",\"width\":2333,\"height\":485,\"caption\":\"Dittmann Medical Writing\"},\"image\":{\"@id\":\"https:\\\/\\\/dittmann-medical-writing.de\\\/de\\\/#\\\/schema\\\/logo\\\/image\\\/\"},\"sameAs\":[\"https:\\\/\\\/de.linkedin.com\\\/in\\\/juliadittmann\"]}]}<\/script>\n<!-- \/ Yoast SEO plugin. -->","yoast_head_json":{"title":"Arbeitsproben &#8211; Dittmann Medical Writing \u2013 Hamburg","robots":{"index":"index","follow":"follow","max-snippet":"max-snippet:-1","max-image-preview":"max-image-preview:large","max-video-preview":"max-video-preview:-1"},"canonical":"https:\/\/dittmann-medical-writing.de\/de\/samples\/","og_locale":"de_DE","og_type":"article","og_title":"Arbeitsproben &#8211; Dittmann Medical Writing \u2013 Hamburg","og_description":"Tada Images &#8211; stock.adobe.com Arbeitsproben Medizinisch-wissenschaftliche Publikationen Hier finden Sie eine Auswahl kostenfrei zug\u00e4nglicher, Peer-gereviewter Publikationen, bei denen ich im Medical Writing unterst\u00fctzt habe. Weitere Publikationen mit meiner Unterst\u00fctzung benenne ich Ihnen gern auf Anfrage. Infektionspr\u00e4vention Assadian O, Harbarth S, Vos M, et al. Practical recommendations for routine cleaning and disinfection procedures in healthcare institutions: [&hellip;]","og_url":"https:\/\/dittmann-medical-writing.de\/de\/samples\/","og_site_name":"Dittmann Medical Writing \u2013 Hamburg","article_modified_time":"2026-05-07T14:51:44+00:00","og_image":[{"url":"https:\/\/dittmann-medical-writing.de\/de\/wp-content\/uploads\/2024\/05\/AdobeStock_508720329_Editorial_Use_Only-1024x683.jpeg","type":"","width":"","height":""}],"twitter_card":"summary_large_image","twitter_misc":{"Gesch\u00e4tzte Lesezeit":"3\u00a0Minuten"},"schema":{"@context":"https:\/\/schema.org","@graph":[{"@type":"WebPage","@id":"https:\/\/dittmann-medical-writing.de\/de\/samples\/","url":"https:\/\/dittmann-medical-writing.de\/de\/samples\/","name":"Arbeitsproben &#8211; Dittmann Medical Writing \u2013 Hamburg","isPartOf":{"@id":"https:\/\/dittmann-medical-writing.de\/de\/#website"},"primaryImageOfPage":{"@id":"https:\/\/dittmann-medical-writing.de\/de\/samples\/#primaryimage"},"image":{"@id":"https:\/\/dittmann-medical-writing.de\/de\/samples\/#primaryimage"},"thumbnailUrl":"https:\/\/dittmann-medical-writing.de\/de\/wp-content\/uploads\/2024\/05\/AdobeStock_508720329_Editorial_Use_Only-1024x683.jpeg","datePublished":"2024-05-10T13:21:38+00:00","dateModified":"2026-05-07T14:51:44+00:00","breadcrumb":{"@id":"https:\/\/dittmann-medical-writing.de\/de\/samples\/#breadcrumb"},"inLanguage":"de","potentialAction":[{"@type":"ReadAction","target":["https:\/\/dittmann-medical-writing.de\/de\/samples\/"]}]},{"@type":"ImageObject","inLanguage":"de","@id":"https:\/\/dittmann-medical-writing.de\/de\/samples\/#primaryimage","url":"https:\/\/dittmann-medical-writing.de\/de\/wp-content\/uploads\/2024\/05\/AdobeStock_508720329_Editorial_Use_Only-scaled.jpeg","contentUrl":"https:\/\/dittmann-medical-writing.de\/de\/wp-content\/uploads\/2024\/05\/AdobeStock_508720329_Editorial_Use_Only-scaled.jpeg","width":2560,"height":1707,"caption":"Tada Images - stock.adobe.com"},{"@type":"BreadcrumbList","@id":"https:\/\/dittmann-medical-writing.de\/de\/samples\/#breadcrumb","itemListElement":[{"@type":"ListItem","position":1,"name":"Home","item":"https:\/\/dittmann-medical-writing.de\/de\/"},{"@type":"ListItem","position":2,"name":"Arbeitsproben"}]},{"@type":"WebSite","@id":"https:\/\/dittmann-medical-writing.de\/de\/#website","url":"https:\/\/dittmann-medical-writing.de\/de\/","name":"Dittmann Medical Writing \u2013 Hamburg","description":"","publisher":{"@id":"https:\/\/dittmann-medical-writing.de\/de\/#organization"},"potentialAction":[{"@type":"SearchAction","target":{"@type":"EntryPoint","urlTemplate":"https:\/\/dittmann-medical-writing.de\/de\/?s={search_term_string}"},"query-input":{"@type":"PropertyValueSpecification","valueRequired":true,"valueName":"search_term_string"}}],"inLanguage":"de"},{"@type":"Organization","@id":"https:\/\/dittmann-medical-writing.de\/de\/#organization","name":"Dittmann Medical Writing","url":"https:\/\/dittmann-medical-writing.de\/de\/","logo":{"@type":"ImageObject","inLanguage":"de","@id":"https:\/\/dittmann-medical-writing.de\/de\/#\/schema\/logo\/image\/","url":"https:\/\/dittmann-medical-writing.de\/de\/wp-content\/uploads\/2016\/03\/logo_high_resolution.png","contentUrl":"https:\/\/dittmann-medical-writing.de\/de\/wp-content\/uploads\/2016\/03\/logo_high_resolution.png","width":2333,"height":485,"caption":"Dittmann Medical Writing"},"image":{"@id":"https:\/\/dittmann-medical-writing.de\/de\/#\/schema\/logo\/image\/"},"sameAs":["https:\/\/de.linkedin.com\/in\/juliadittmann"]}]}},"_links":{"self":[{"href":"https:\/\/dittmann-medical-writing.de\/de\/wp-json\/wp\/v2\/pages\/1720","targetHints":{"allow":["GET"]}}],"collection":[{"href":"https:\/\/dittmann-medical-writing.de\/de\/wp-json\/wp\/v2\/pages"}],"about":[{"href":"https:\/\/dittmann-medical-writing.de\/de\/wp-json\/wp\/v2\/types\/page"}],"author":[{"embeddable":true,"href":"https:\/\/dittmann-medical-writing.de\/de\/wp-json\/wp\/v2\/users\/1"}],"replies":[{"embeddable":true,"href":"https:\/\/dittmann-medical-writing.de\/de\/wp-json\/wp\/v2\/comments?post=1720"}],"version-history":[{"count":30,"href":"https:\/\/dittmann-medical-writing.de\/de\/wp-json\/wp\/v2\/pages\/1720\/revisions"}],"predecessor-version":[{"id":1910,"href":"https:\/\/dittmann-medical-writing.de\/de\/wp-json\/wp\/v2\/pages\/1720\/revisions\/1910"}],"wp:attachment":[{"href":"https:\/\/dittmann-medical-writing.de\/de\/wp-json\/wp\/v2\/media?parent=1720"}],"curies":[{"name":"wp","href":"https:\/\/api.w.org\/{rel}","templated":true}]}}