{"id":1773,"date":"2024-05-28T17:26:42","date_gmt":"2024-05-28T15:26:42","guid":{"rendered":"https:\/\/dittmann-medical-writing.de\/de\/?page_id=1773"},"modified":"2024-06-17T17:30:04","modified_gmt":"2024-06-17T15:30:04","slug":"oncology","status":"publish","type":"page","link":"https:\/\/dittmann-medical-writing.de\/de\/portfolio-2\/oncology\/","title":{"rendered":"Onkologie"},"content":{"rendered":"\n\n\t<p>&nbsp;<\/p>\n<p>&nbsp;<\/p>\n<p><a title=\"Weitere\" href=\"https:\/\/dittmann-medical-writing.de\/de\/portfolio-2\/hematology\/\"><strong>&lt;<\/strong><\/a><\/p>\n\t\t\t\t<a href=\"https:\/\/dittmann-medical-writing.de\/de\/wp-content\/uploads\/2024\/05\/Cancer-scaled.jpeg\" target=\"_self\" itemprop=\"url\" rel=\"noopener noreferrer\">\n\t\t\t\t<img loading=\"lazy\" decoding=\"async\" src=\"https:\/\/dittmann-medical-writing.de\/de\/wp-content\/uploads\/2024\/05\/Cancer-624x361.jpeg\" alt=\"Cancer detection and screening as a treatment for malignant cells with a biopsy or testing caused by carcinogens and genetics with a cancerous cell as an immunotherapy symbol as a 3D render.\" itemprop=\"image\" height=\"361\" width=\"624\" title=\"Onkologie\" onerror=\"this.style.display='none'\"  \/>\n\t\t\t\t<\/a>\n\t<p>&nbsp;<\/p>\n<p>&nbsp;<\/p>\n<p><a href=\"https:\/\/dittmann-medical-writing.de\/de\/portfolio-2\/neurology\/\"><strong>&gt;<\/strong><\/a><\/p>\n<h1>Onkologie<\/h1>\n<p><strong>Antiemese:<\/strong><\/p>\n<ul>\n<li>Studienprotokolle, Patient Informed Consent und Studienberichte f\u00fcr nicht-interventionelle Studien zur Erfassung der Lebensqualit\u00e4t unter Antiemetika zur Pr\u00e4vention von Chemotherapie-bedingter \u00dcbelkeit<\/li>\n<\/ul>\n<p><strong>Blasenkrebs: <\/strong><\/p>\n<ul>\n<li>Webcontent f\u00fcr Fachkreise zu einem PD-L1-Inhibitor<\/li>\n<\/ul>\n<p><strong>Brustkrebs: <\/strong><\/p>\n<ul>\n<li>Mehrere Studienberichte zur Routineversorgung bei metastasiertem Brustkrebs sowie zur Behandlung Chemotherapie-bedingter Nebenwirkungen wie An\u00e4mie oder Neutropenie<\/li>\n<li>Darstellung von Daten einer Registerstudie zu HER2-positivem Brustkrebs als Pr\u00e4sentation<\/li>\n<li>Publikation zu Patientenpr\u00e4ferenzen in der palliativen Behandlung des metastasierten Brustkrebses <strong><a href=\"https:\/\/karger.com\/brc\/article\/16\/5\/491\/821770\/Patient-Preferences-Results-of-a-German-Adaptive\" target=\"_blank\" rel=\"noopener noreferrer\">Volltext<\/a><\/strong><\/li>\n<li>Umfangreiche Online-Inhalte f\u00fcr anpassbare Patienteninformationen (fr\u00fcher Brustkrebs und fortgeschrittener Brustkrebs)<\/li>\n<\/ul>\n<p><strong>Darmkrebs: <\/strong><\/p>\n<ul>\n<li>Dokumentation der klinischen und wissenschaftlichen Evidenz eines Tumormarkers<\/li>\n<\/ul>\n<p><strong>Knochenmetastasen: <\/strong><\/p>\n<ul>\n<li>Studienbericht zur Routineversorgung mit Bisphosphonaten<\/li>\n<\/ul>\n<p><strong>Lungenkrebs:<\/strong><\/p>\n<ul>\n<li>Webcontent f\u00fcr Fachkreise zu einem PD-L1-Inhibitor<\/li>\n<li>Dokumentation der klinischen und wissenschaftlichen Evidenz von Tumormarkern bei nicht-kleinzelligem Lungenkrebs<\/li>\n<\/ul>\n<p><strong>Malignes Melanom<\/strong>:<\/p>\n<ul>\n<li>Manuskript und Poster zu einer Registerstudie<\/li>\n<li>Darstellung von Daten einer Registerstudie als Pr\u00e4sentation<\/li>\n<\/ul>\n<p><strong>Multiples Myelom: <\/strong><\/p>\n<ul>\n<li>Mehrere simulierte Patientenf\u00e4lle zu Diagnose, Behandlung und Follow-up f\u00fcr eine interaktive eLearning-Plattform<\/li>\n<li>Umfangreiche Online-Inhalte f\u00fcr anpassbare Patienteninformationen<\/li>\n<li>Bericht f\u00fcr ein Advisory Board zu einem innovativen Arzneimittel zur Behandlung des refrakt\u00e4ren Myeloms<\/li>\n<\/ul>\n<p><strong>Onkologische Gentherapie:<\/strong><\/p>\n<ul>\n<li>Reportage zum aktuellen Stand der Forschung f\u00fcr einen Webauftritt<\/li>\n<\/ul>\n<p><strong>\u00a0<\/strong><strong>Ovarialkarzinom:<\/strong><\/p>\n<ul>\n<li>Studienbericht zur Routineversorgung bei Chemotherapie-bedingter Neutropenie<\/li>\n<li>Dokumentation der klinischen und wissenschaftlichen Evidenz eines Tumormarkers<\/li>\n<\/ul>\n<p><strong>Plattenepithelkarzinom:<\/strong><\/p>\n<ul>\n<li>Artikel f\u00fcr Fachkreise zur Fr\u00fcherkennung im Mund- und Rachenraum<\/li>\n<\/ul>\n<p><strong>Prostatakarzinom:<\/strong><\/p>\n<ul>\n<li>Mehrere Studienberichte zur Routineversorgung oder Risikostratifizierung des mCRPC sowie zur Behandlung Chemotherapie-bedingter Neutropenien<\/li>\n<li>Regelm\u00e4\u00dfige Pressemitteilungen und Sonderproduktionen zu einem Androgenrezeptor-Inhibitor<\/li>\n<li>Umfangreiche Online-Inhalte f\u00fcr anpassbare Patienteninformationen<\/li>\n<\/ul>\n<p><strong>Schilddr\u00fcsenkarzinom:<\/strong><\/p>\n<ul>\n<li>Dokumentationsberichte zur klinischen und wissenschaftlichen Evidenz verschiedener Tumormarker<\/li>\n<\/ul>\n\u00a0<a title=\"Portfolio\" href=\"https:\/\/dittmann-medical-writing.de\/de\/portfolio-2\/\">Zur\u00fcck zur \u00dcbersicht<\/a>\n\n","protected":false},"excerpt":{"rendered":"<p>&nbsp; &nbsp; &lt; &nbsp; &nbsp; &gt; Onkologie Antiemese: Studienprotokolle, Patient Informed Consent und Studienberichte f\u00fcr nicht-interventionelle Studien zur Erfassung der Lebensqualit\u00e4t unter Antiemetika zur Pr\u00e4vention von Chemotherapie-bedingter \u00dcbelkeit Blasenkrebs: Webcontent f\u00fcr Fachkreise zu einem PD-L1-Inhibitor Brustkrebs: Mehrere Studienberichte zur Routineversorgung bei metastasiertem Brustkrebs sowie zur Behandlung Chemotherapie-bedingter Nebenwirkungen wie An\u00e4mie oder Neutropenie Darstellung von Daten [&hellip;]<\/p>\n","protected":false},"author":1,"featured_media":0,"parent":946,"menu_order":1,"comment_status":"closed","ping_status":"closed","template":"","meta":{"footnotes":""},"class_list":["post-1773","page","type-page","status-publish","hentry"],"yoast_head":"<!-- This site is optimized with the Yoast SEO plugin v26.1 - https:\/\/yoast.com\/wordpress\/plugins\/seo\/ -->\n<title>Onkologie &#8211; Dittmann Medical Writing \u2013 Hamburg<\/title>\n<meta name=\"robots\" content=\"index, follow, max-snippet:-1, max-image-preview:large, max-video-preview:-1\" \/>\n<link rel=\"canonical\" href=\"https:\/\/dittmann-medical-writing.de\/de\/portfolio-2\/oncology\/\" \/>\n<meta property=\"og:locale\" content=\"de_DE\" \/>\n<meta property=\"og:type\" content=\"article\" \/>\n<meta property=\"og:title\" content=\"Onkologie &#8211; Dittmann Medical Writing \u2013 Hamburg\" \/>\n<meta property=\"og:description\" content=\"&nbsp; &nbsp; &lt; &nbsp; &nbsp; &gt; Onkologie Antiemese: Studienprotokolle, Patient Informed Consent und Studienberichte f\u00fcr nicht-interventionelle Studien zur Erfassung der Lebensqualit\u00e4t unter Antiemetika zur Pr\u00e4vention von Chemotherapie-bedingter \u00dcbelkeit Blasenkrebs: Webcontent f\u00fcr Fachkreise zu einem PD-L1-Inhibitor Brustkrebs: Mehrere Studienberichte zur Routineversorgung bei metastasiertem Brustkrebs sowie zur Behandlung Chemotherapie-bedingter Nebenwirkungen wie An\u00e4mie oder Neutropenie Darstellung von Daten [&hellip;]\" \/>\n<meta property=\"og:url\" content=\"https:\/\/dittmann-medical-writing.de\/de\/portfolio-2\/oncology\/\" \/>\n<meta property=\"og:site_name\" content=\"Dittmann Medical Writing \u2013 Hamburg\" \/>\n<meta property=\"article:modified_time\" content=\"2024-06-17T15:30:04+00:00\" \/>\n<meta property=\"og:image\" content=\"https:\/\/dittmann-medical-writing.de\/de\/wp-content\/uploads\/2024\/05\/Cancer-624x361.jpeg\" \/>\n<meta name=\"twitter:card\" content=\"summary_large_image\" \/>\n<meta name=\"twitter:label1\" content=\"Gesch\u00e4tzte Lesezeit\" \/>\n\t<meta name=\"twitter:data1\" content=\"1\u00a0Minute\" \/>\n<script type=\"application\/ld+json\" class=\"yoast-schema-graph\">{\"@context\":\"https:\/\/schema.org\",\"@graph\":[{\"@type\":\"WebPage\",\"@id\":\"https:\/\/dittmann-medical-writing.de\/de\/portfolio-2\/oncology\/\",\"url\":\"https:\/\/dittmann-medical-writing.de\/de\/portfolio-2\/oncology\/\",\"name\":\"Onkologie &#8211; Dittmann Medical Writing \u2013 Hamburg\",\"isPartOf\":{\"@id\":\"https:\/\/dittmann-medical-writing.de\/de\/#website\"},\"primaryImageOfPage\":{\"@id\":\"https:\/\/dittmann-medical-writing.de\/de\/portfolio-2\/oncology\/#primaryimage\"},\"image\":{\"@id\":\"https:\/\/dittmann-medical-writing.de\/de\/portfolio-2\/oncology\/#primaryimage\"},\"thumbnailUrl\":\"https:\/\/dittmann-medical-writing.de\/de\/wp-content\/uploads\/2024\/05\/Cancer-624x361.jpeg\",\"datePublished\":\"2024-05-28T15:26:42+00:00\",\"dateModified\":\"2024-06-17T15:30:04+00:00\",\"breadcrumb\":{\"@id\":\"https:\/\/dittmann-medical-writing.de\/de\/portfolio-2\/oncology\/#breadcrumb\"},\"inLanguage\":\"de\",\"potentialAction\":[{\"@type\":\"ReadAction\",\"target\":[\"https:\/\/dittmann-medical-writing.de\/de\/portfolio-2\/oncology\/\"]}]},{\"@type\":\"ImageObject\",\"inLanguage\":\"de\",\"@id\":\"https:\/\/dittmann-medical-writing.de\/de\/portfolio-2\/oncology\/#primaryimage\",\"url\":\"https:\/\/dittmann-medical-writing.de\/de\/wp-content\/uploads\/2024\/05\/Cancer-scaled.jpeg\",\"contentUrl\":\"https:\/\/dittmann-medical-writing.de\/de\/wp-content\/uploads\/2024\/05\/Cancer-scaled.jpeg\",\"width\":2560,\"height\":1482,\"caption\":\"Onkologie\"},{\"@type\":\"BreadcrumbList\",\"@id\":\"https:\/\/dittmann-medical-writing.de\/de\/portfolio-2\/oncology\/#breadcrumb\",\"itemListElement\":[{\"@type\":\"ListItem\",\"position\":1,\"name\":\"Home\",\"item\":\"https:\/\/dittmann-medical-writing.de\/de\/\"},{\"@type\":\"ListItem\",\"position\":2,\"name\":\"Portfolio\",\"item\":\"https:\/\/dittmann-medical-writing.de\/de\/portfolio-2\/\"},{\"@type\":\"ListItem\",\"position\":3,\"name\":\"Onkologie\"}]},{\"@type\":\"WebSite\",\"@id\":\"https:\/\/dittmann-medical-writing.de\/de\/#website\",\"url\":\"https:\/\/dittmann-medical-writing.de\/de\/\",\"name\":\"Dittmann Medical Writing \u2013 Hamburg\",\"description\":\"\",\"publisher\":{\"@id\":\"https:\/\/dittmann-medical-writing.de\/de\/#organization\"},\"potentialAction\":[{\"@type\":\"SearchAction\",\"target\":{\"@type\":\"EntryPoint\",\"urlTemplate\":\"https:\/\/dittmann-medical-writing.de\/de\/?s={search_term_string}\"},\"query-input\":{\"@type\":\"PropertyValueSpecification\",\"valueRequired\":true,\"valueName\":\"search_term_string\"}}],\"inLanguage\":\"de\"},{\"@type\":\"Organization\",\"@id\":\"https:\/\/dittmann-medical-writing.de\/de\/#organization\",\"name\":\"Dittmann Medical Writing\",\"url\":\"https:\/\/dittmann-medical-writing.de\/de\/\",\"logo\":{\"@type\":\"ImageObject\",\"inLanguage\":\"de\",\"@id\":\"https:\/\/dittmann-medical-writing.de\/de\/#\/schema\/logo\/image\/\",\"url\":\"https:\/\/dittmann-medical-writing.de\/de\/wp-content\/uploads\/2016\/03\/logo_high_resolution.png\",\"contentUrl\":\"https:\/\/dittmann-medical-writing.de\/de\/wp-content\/uploads\/2016\/03\/logo_high_resolution.png\",\"width\":2333,\"height\":485,\"caption\":\"Dittmann Medical Writing\"},\"image\":{\"@id\":\"https:\/\/dittmann-medical-writing.de\/de\/#\/schema\/logo\/image\/\"},\"sameAs\":[\"https:\/\/de.linkedin.com\/in\/juliadittmann\"]}]}<\/script>\n<!-- \/ Yoast SEO plugin. -->","yoast_head_json":{"title":"Onkologie &#8211; Dittmann Medical Writing \u2013 Hamburg","robots":{"index":"index","follow":"follow","max-snippet":"max-snippet:-1","max-image-preview":"max-image-preview:large","max-video-preview":"max-video-preview:-1"},"canonical":"https:\/\/dittmann-medical-writing.de\/de\/portfolio-2\/oncology\/","og_locale":"de_DE","og_type":"article","og_title":"Onkologie &#8211; Dittmann Medical Writing \u2013 Hamburg","og_description":"&nbsp; &nbsp; &lt; &nbsp; &nbsp; &gt; Onkologie Antiemese: Studienprotokolle, Patient Informed Consent und Studienberichte f\u00fcr nicht-interventionelle Studien zur Erfassung der Lebensqualit\u00e4t unter Antiemetika zur Pr\u00e4vention von Chemotherapie-bedingter \u00dcbelkeit Blasenkrebs: Webcontent f\u00fcr Fachkreise zu einem PD-L1-Inhibitor Brustkrebs: Mehrere Studienberichte zur Routineversorgung bei metastasiertem Brustkrebs sowie zur Behandlung Chemotherapie-bedingter Nebenwirkungen wie An\u00e4mie oder Neutropenie Darstellung von Daten [&hellip;]","og_url":"https:\/\/dittmann-medical-writing.de\/de\/portfolio-2\/oncology\/","og_site_name":"Dittmann Medical Writing \u2013 Hamburg","article_modified_time":"2024-06-17T15:30:04+00:00","og_image":[{"url":"https:\/\/dittmann-medical-writing.de\/de\/wp-content\/uploads\/2024\/05\/Cancer-624x361.jpeg","type":"","width":"","height":""}],"twitter_card":"summary_large_image","twitter_misc":{"Gesch\u00e4tzte Lesezeit":"1\u00a0Minute"},"schema":{"@context":"https:\/\/schema.org","@graph":[{"@type":"WebPage","@id":"https:\/\/dittmann-medical-writing.de\/de\/portfolio-2\/oncology\/","url":"https:\/\/dittmann-medical-writing.de\/de\/portfolio-2\/oncology\/","name":"Onkologie &#8211; Dittmann Medical Writing \u2013 Hamburg","isPartOf":{"@id":"https:\/\/dittmann-medical-writing.de\/de\/#website"},"primaryImageOfPage":{"@id":"https:\/\/dittmann-medical-writing.de\/de\/portfolio-2\/oncology\/#primaryimage"},"image":{"@id":"https:\/\/dittmann-medical-writing.de\/de\/portfolio-2\/oncology\/#primaryimage"},"thumbnailUrl":"https:\/\/dittmann-medical-writing.de\/de\/wp-content\/uploads\/2024\/05\/Cancer-624x361.jpeg","datePublished":"2024-05-28T15:26:42+00:00","dateModified":"2024-06-17T15:30:04+00:00","breadcrumb":{"@id":"https:\/\/dittmann-medical-writing.de\/de\/portfolio-2\/oncology\/#breadcrumb"},"inLanguage":"de","potentialAction":[{"@type":"ReadAction","target":["https:\/\/dittmann-medical-writing.de\/de\/portfolio-2\/oncology\/"]}]},{"@type":"ImageObject","inLanguage":"de","@id":"https:\/\/dittmann-medical-writing.de\/de\/portfolio-2\/oncology\/#primaryimage","url":"https:\/\/dittmann-medical-writing.de\/de\/wp-content\/uploads\/2024\/05\/Cancer-scaled.jpeg","contentUrl":"https:\/\/dittmann-medical-writing.de\/de\/wp-content\/uploads\/2024\/05\/Cancer-scaled.jpeg","width":2560,"height":1482,"caption":"Onkologie"},{"@type":"BreadcrumbList","@id":"https:\/\/dittmann-medical-writing.de\/de\/portfolio-2\/oncology\/#breadcrumb","itemListElement":[{"@type":"ListItem","position":1,"name":"Home","item":"https:\/\/dittmann-medical-writing.de\/de\/"},{"@type":"ListItem","position":2,"name":"Portfolio","item":"https:\/\/dittmann-medical-writing.de\/de\/portfolio-2\/"},{"@type":"ListItem","position":3,"name":"Onkologie"}]},{"@type":"WebSite","@id":"https:\/\/dittmann-medical-writing.de\/de\/#website","url":"https:\/\/dittmann-medical-writing.de\/de\/","name":"Dittmann Medical Writing \u2013 Hamburg","description":"","publisher":{"@id":"https:\/\/dittmann-medical-writing.de\/de\/#organization"},"potentialAction":[{"@type":"SearchAction","target":{"@type":"EntryPoint","urlTemplate":"https:\/\/dittmann-medical-writing.de\/de\/?s={search_term_string}"},"query-input":{"@type":"PropertyValueSpecification","valueRequired":true,"valueName":"search_term_string"}}],"inLanguage":"de"},{"@type":"Organization","@id":"https:\/\/dittmann-medical-writing.de\/de\/#organization","name":"Dittmann Medical Writing","url":"https:\/\/dittmann-medical-writing.de\/de\/","logo":{"@type":"ImageObject","inLanguage":"de","@id":"https:\/\/dittmann-medical-writing.de\/de\/#\/schema\/logo\/image\/","url":"https:\/\/dittmann-medical-writing.de\/de\/wp-content\/uploads\/2016\/03\/logo_high_resolution.png","contentUrl":"https:\/\/dittmann-medical-writing.de\/de\/wp-content\/uploads\/2016\/03\/logo_high_resolution.png","width":2333,"height":485,"caption":"Dittmann Medical Writing"},"image":{"@id":"https:\/\/dittmann-medical-writing.de\/de\/#\/schema\/logo\/image\/"},"sameAs":["https:\/\/de.linkedin.com\/in\/juliadittmann"]}]}},"_links":{"self":[{"href":"https:\/\/dittmann-medical-writing.de\/de\/wp-json\/wp\/v2\/pages\/1773","targetHints":{"allow":["GET"]}}],"collection":[{"href":"https:\/\/dittmann-medical-writing.de\/de\/wp-json\/wp\/v2\/pages"}],"about":[{"href":"https:\/\/dittmann-medical-writing.de\/de\/wp-json\/wp\/v2\/types\/page"}],"author":[{"embeddable":true,"href":"https:\/\/dittmann-medical-writing.de\/de\/wp-json\/wp\/v2\/users\/1"}],"replies":[{"embeddable":true,"href":"https:\/\/dittmann-medical-writing.de\/de\/wp-json\/wp\/v2\/comments?post=1773"}],"version-history":[{"count":9,"href":"https:\/\/dittmann-medical-writing.de\/de\/wp-json\/wp\/v2\/pages\/1773\/revisions"}],"predecessor-version":[{"id":1879,"href":"https:\/\/dittmann-medical-writing.de\/de\/wp-json\/wp\/v2\/pages\/1773\/revisions\/1879"}],"up":[{"embeddable":true,"href":"https:\/\/dittmann-medical-writing.de\/de\/wp-json\/wp\/v2\/pages\/946"}],"wp:attachment":[{"href":"https:\/\/dittmann-medical-writing.de\/de\/wp-json\/wp\/v2\/media?parent=1773"}],"curies":[{"name":"wp","href":"https:\/\/api.w.org\/{rel}","templated":true}]}}