{"id":1776,"date":"2024-05-28T17:30:46","date_gmt":"2024-05-28T15:30:46","guid":{"rendered":"https:\/\/dittmann-medical-writing.de\/de\/?page_id=1776"},"modified":"2024-07-09T14:11:05","modified_gmt":"2024-07-09T12:11:05","slug":"infectiology","status":"publish","type":"page","link":"https:\/\/dittmann-medical-writing.de\/de\/portfolio-2\/infectiology\/","title":{"rendered":"Infektiologie \/\/ Infektionspr\u00e4vention"},"content":{"rendered":"\n\n\t<p>&nbsp;<\/p>\n<p>&nbsp;<\/p>\n<p>&nbsp;<\/p>\n<p><a title=\"Weitere\" href=\"https:\/\/dittmann-medical-writing.de\/de\/portfolio-2\/labmedicine\/\"><strong>&lt;<\/strong><\/a><\/p>\n\t\t\t\t<a href=\"https:\/\/dittmann-medical-writing.de\/de\/wp-content\/uploads\/2024\/05\/AdobeStock_807883913-scaled.jpeg\" target=\"_self\" itemprop=\"url\" rel=\"noopener noreferrer\">\n\t\t\t\t<img loading=\"lazy\" decoding=\"async\" src=\"https:\/\/dittmann-medical-writing.de\/de\/wp-content\/uploads\/2024\/05\/AdobeStock_807883913-624x350.jpeg\" alt=\"Infektionspr\u00e4vention und Infektiologie\" itemprop=\"image\" height=\"350\" width=\"624\" title=\"A vivid image showcasing the thorough cleaning process using gloves and disinfectant\" onerror=\"this.style.display='none'\"  \/>\n\t\t\t\t<\/a>\n\t<p>&nbsp;<\/p>\n<p>&nbsp;<\/p>\n<p>&nbsp;<\/p>\n<p><a href=\"https:\/\/dittmann-medical-writing.de\/de\/portfolio-2\/gastroenterology\/\"><strong>&gt;<\/strong><\/a><\/p>\n<h1>Infektionspr\u00e4vention und Infektiologie<\/h1>\n<p><strong>Antiinfektiva: <\/strong><\/p>\n<ul>\n<li>Umfangreicher Content zu verschiedenen Bakterien, Viren und Pilzen f\u00fcr einen interaktiven Kongressauftritt<\/li>\n<\/ul>\n<p><strong>Infektionspr\u00e4vention: <\/strong><\/p>\n<ul>\n<li>Diverse Informationsmaterialien zu wissenschaftlichen Studien<\/li>\n<li>Regelm\u00e4\u00dfige Newsletter-Beitr\u00e4ge und Artikel f\u00fcr ein Firmen-eigenes Magazin zu verschiedenen &#8211; u.\u00a0a. virologischen und mikrobiologischen &#8211; Themen<\/li>\n<li>Review zu praktischen Empfehlungen f\u00fcr die Routinereinigung und -desinfektion in Gesundheitseinrichtungen <strong><a href=\"https:\/\/www.journalofhospitalinfection.com\/article\/S0195-6701(21)00105-5\/fulltext\" target=\"_blank\" rel=\"noopener noreferrer\">Volltext<\/a><\/strong><\/li>\n<li>Originalartikel zur Aufbereitung semikritischer Medizinprodukte<\/li>\n<li>Review zu Einflussgr\u00f6\u00dfen auf nosokomiale Infektionen<\/li>\n<li>Review zur Definition von Resistenz vs. Toleranz in Bezug auf Desinfektionsmittel und Antibiotika <strong><a href=\"https:\/\/www.journalofhospitalinfection.com\/article\/S0195-6701(24)00176-2\/abstract\" target=\"_blank\" rel=\"noopener noreferrer\">Volltext<\/a><\/strong><\/li>\n<li>Originalartikel zur Nutzung von Desinfektionsmittelspendern in Abh\u00e4ngigkeit von ihrer Platzierung <strong><a href=\"https:\/\/www.sciencedirect.com\/science\/article\/pii\/S2590088924000283?via%3Dihub\" target=\"_blank\" rel=\"noopener noreferrer\">Volltext<\/a><\/strong><\/li>\n<li>Verschiedene Website-Artikel und White Paper<\/li>\n<\/ul>\n<p><strong>Infektionskrankheiten: <\/strong><\/p>\n<ul>\n<li>Simulierter Patientenfall zu Influenza-Impfstoffen f\u00fcr eine interaktive eLearning-Plattform<\/li>\n<li>Kurzartikel zur Influenza-Infektionssaison f\u00fcr ein Firmen-eigenes Maganzin<\/li>\n<li>Mehrere simulierte Patientenf\u00e4lle zum Management der antiretroviralen Therapie (ART) bei HIV f\u00fcr eine interaktive eLearning-Plattform<\/li>\n<li>Kurzartikel zu neuen Zoonosen wie dem West-Nil-Virus<\/li>\n<\/ul>\n\u00a0<a title=\"Portfolio\" href=\"https:\/\/dittmann-medical-writing.de\/de\/portfolio-2\/\">Zur\u00fcck zur \u00dcbersicht<\/a>\n\n","protected":false},"excerpt":{"rendered":"<p>&nbsp; &nbsp; &nbsp; &lt; &nbsp; &nbsp; &nbsp; &gt; Infektionspr\u00e4vention und Infektiologie Antiinfektiva: Umfangreicher Content zu verschiedenen Bakterien, Viren und Pilzen f\u00fcr einen interaktiven Kongressauftritt Infektionspr\u00e4vention: Diverse Informationsmaterialien zu wissenschaftlichen Studien Regelm\u00e4\u00dfige Newsletter-Beitr\u00e4ge und Artikel f\u00fcr ein Firmen-eigenes Magazin zu verschiedenen &#8211; u.\u00a0a. virologischen und mikrobiologischen &#8211; Themen Review zu praktischen Empfehlungen f\u00fcr die Routinereinigung und [&hellip;]<\/p>\n","protected":false},"author":1,"featured_media":0,"parent":946,"menu_order":1,"comment_status":"closed","ping_status":"closed","template":"","meta":{"footnotes":""},"class_list":["post-1776","page","type-page","status-publish","hentry"],"yoast_head":"<!-- This site is optimized with the Yoast SEO plugin v26.1 - https:\/\/yoast.com\/wordpress\/plugins\/seo\/ -->\n<title>Infektiologie \/\/ Infektionspr\u00e4vention &#8211; Dittmann Medical Writing \u2013 Hamburg<\/title>\n<meta name=\"robots\" content=\"index, follow, max-snippet:-1, max-image-preview:large, max-video-preview:-1\" \/>\n<link rel=\"canonical\" href=\"https:\/\/dittmann-medical-writing.de\/de\/portfolio-2\/infectiology\/\" \/>\n<meta property=\"og:locale\" content=\"de_DE\" \/>\n<meta property=\"og:type\" content=\"article\" \/>\n<meta property=\"og:title\" content=\"Infektiologie \/\/ Infektionspr\u00e4vention &#8211; Dittmann Medical Writing \u2013 Hamburg\" \/>\n<meta property=\"og:description\" content=\"&nbsp; &nbsp; &nbsp; &lt; &nbsp; &nbsp; &nbsp; &gt; Infektionspr\u00e4vention und Infektiologie Antiinfektiva: Umfangreicher Content zu verschiedenen Bakterien, Viren und Pilzen f\u00fcr einen interaktiven Kongressauftritt Infektionspr\u00e4vention: Diverse Informationsmaterialien zu wissenschaftlichen Studien Regelm\u00e4\u00dfige Newsletter-Beitr\u00e4ge und Artikel f\u00fcr ein Firmen-eigenes Magazin zu verschiedenen &#8211; u.\u00a0a. virologischen und mikrobiologischen &#8211; Themen Review zu praktischen Empfehlungen f\u00fcr die Routinereinigung und [&hellip;]\" \/>\n<meta property=\"og:url\" content=\"https:\/\/dittmann-medical-writing.de\/de\/portfolio-2\/infectiology\/\" \/>\n<meta property=\"og:site_name\" content=\"Dittmann Medical Writing \u2013 Hamburg\" \/>\n<meta property=\"article:modified_time\" content=\"2024-07-09T12:11:05+00:00\" \/>\n<meta property=\"og:image\" content=\"https:\/\/dittmann-medical-writing.de\/de\/wp-content\/uploads\/2024\/05\/AdobeStock_807883913-624x350.jpeg\" \/>\n<meta name=\"twitter:card\" content=\"summary_large_image\" \/>\n<meta name=\"twitter:label1\" content=\"Gesch\u00e4tzte Lesezeit\" \/>\n\t<meta name=\"twitter:data1\" content=\"1\u00a0Minute\" \/>\n<script type=\"application\/ld+json\" class=\"yoast-schema-graph\">{\"@context\":\"https:\/\/schema.org\",\"@graph\":[{\"@type\":\"WebPage\",\"@id\":\"https:\/\/dittmann-medical-writing.de\/de\/portfolio-2\/infectiology\/\",\"url\":\"https:\/\/dittmann-medical-writing.de\/de\/portfolio-2\/infectiology\/\",\"name\":\"Infektiologie \/\/ Infektionspr\u00e4vention &#8211; Dittmann Medical Writing \u2013 Hamburg\",\"isPartOf\":{\"@id\":\"https:\/\/dittmann-medical-writing.de\/de\/#website\"},\"primaryImageOfPage\":{\"@id\":\"https:\/\/dittmann-medical-writing.de\/de\/portfolio-2\/infectiology\/#primaryimage\"},\"image\":{\"@id\":\"https:\/\/dittmann-medical-writing.de\/de\/portfolio-2\/infectiology\/#primaryimage\"},\"thumbnailUrl\":\"https:\/\/dittmann-medical-writing.de\/de\/wp-content\/uploads\/2024\/05\/AdobeStock_807883913-624x350.jpeg\",\"datePublished\":\"2024-05-28T15:30:46+00:00\",\"dateModified\":\"2024-07-09T12:11:05+00:00\",\"breadcrumb\":{\"@id\":\"https:\/\/dittmann-medical-writing.de\/de\/portfolio-2\/infectiology\/#breadcrumb\"},\"inLanguage\":\"de\",\"potentialAction\":[{\"@type\":\"ReadAction\",\"target\":[\"https:\/\/dittmann-medical-writing.de\/de\/portfolio-2\/infectiology\/\"]}]},{\"@type\":\"ImageObject\",\"inLanguage\":\"de\",\"@id\":\"https:\/\/dittmann-medical-writing.de\/de\/portfolio-2\/infectiology\/#primaryimage\",\"url\":\"https:\/\/dittmann-medical-writing.de\/de\/wp-content\/uploads\/2024\/05\/AdobeStock_807883913-scaled.jpeg\",\"contentUrl\":\"https:\/\/dittmann-medical-writing.de\/de\/wp-content\/uploads\/2024\/05\/AdobeStock_807883913-scaled.jpeg\",\"width\":2560,\"height\":1435,\"caption\":\"Infektionspr\u00e4vention und Infektiologie\"},{\"@type\":\"BreadcrumbList\",\"@id\":\"https:\/\/dittmann-medical-writing.de\/de\/portfolio-2\/infectiology\/#breadcrumb\",\"itemListElement\":[{\"@type\":\"ListItem\",\"position\":1,\"name\":\"Home\",\"item\":\"https:\/\/dittmann-medical-writing.de\/de\/\"},{\"@type\":\"ListItem\",\"position\":2,\"name\":\"Portfolio\",\"item\":\"https:\/\/dittmann-medical-writing.de\/de\/portfolio-2\/\"},{\"@type\":\"ListItem\",\"position\":3,\"name\":\"Infektiologie \/\/ Infektionspr\u00e4vention\"}]},{\"@type\":\"WebSite\",\"@id\":\"https:\/\/dittmann-medical-writing.de\/de\/#website\",\"url\":\"https:\/\/dittmann-medical-writing.de\/de\/\",\"name\":\"Dittmann Medical Writing \u2013 Hamburg\",\"description\":\"\",\"publisher\":{\"@id\":\"https:\/\/dittmann-medical-writing.de\/de\/#organization\"},\"potentialAction\":[{\"@type\":\"SearchAction\",\"target\":{\"@type\":\"EntryPoint\",\"urlTemplate\":\"https:\/\/dittmann-medical-writing.de\/de\/?s={search_term_string}\"},\"query-input\":{\"@type\":\"PropertyValueSpecification\",\"valueRequired\":true,\"valueName\":\"search_term_string\"}}],\"inLanguage\":\"de\"},{\"@type\":\"Organization\",\"@id\":\"https:\/\/dittmann-medical-writing.de\/de\/#organization\",\"name\":\"Dittmann Medical Writing\",\"url\":\"https:\/\/dittmann-medical-writing.de\/de\/\",\"logo\":{\"@type\":\"ImageObject\",\"inLanguage\":\"de\",\"@id\":\"https:\/\/dittmann-medical-writing.de\/de\/#\/schema\/logo\/image\/\",\"url\":\"https:\/\/dittmann-medical-writing.de\/de\/wp-content\/uploads\/2016\/03\/logo_high_resolution.png\",\"contentUrl\":\"https:\/\/dittmann-medical-writing.de\/de\/wp-content\/uploads\/2016\/03\/logo_high_resolution.png\",\"width\":2333,\"height\":485,\"caption\":\"Dittmann Medical Writing\"},\"image\":{\"@id\":\"https:\/\/dittmann-medical-writing.de\/de\/#\/schema\/logo\/image\/\"},\"sameAs\":[\"https:\/\/de.linkedin.com\/in\/juliadittmann\"]}]}<\/script>\n<!-- \/ Yoast SEO plugin. -->","yoast_head_json":{"title":"Infektiologie \/\/ Infektionspr\u00e4vention &#8211; Dittmann Medical Writing \u2013 Hamburg","robots":{"index":"index","follow":"follow","max-snippet":"max-snippet:-1","max-image-preview":"max-image-preview:large","max-video-preview":"max-video-preview:-1"},"canonical":"https:\/\/dittmann-medical-writing.de\/de\/portfolio-2\/infectiology\/","og_locale":"de_DE","og_type":"article","og_title":"Infektiologie \/\/ Infektionspr\u00e4vention &#8211; Dittmann Medical Writing \u2013 Hamburg","og_description":"&nbsp; &nbsp; &nbsp; &lt; &nbsp; &nbsp; &nbsp; &gt; Infektionspr\u00e4vention und Infektiologie Antiinfektiva: Umfangreicher Content zu verschiedenen Bakterien, Viren und Pilzen f\u00fcr einen interaktiven Kongressauftritt Infektionspr\u00e4vention: Diverse Informationsmaterialien zu wissenschaftlichen Studien Regelm\u00e4\u00dfige Newsletter-Beitr\u00e4ge und Artikel f\u00fcr ein Firmen-eigenes Magazin zu verschiedenen &#8211; u.\u00a0a. virologischen und mikrobiologischen &#8211; Themen Review zu praktischen Empfehlungen f\u00fcr die Routinereinigung und [&hellip;]","og_url":"https:\/\/dittmann-medical-writing.de\/de\/portfolio-2\/infectiology\/","og_site_name":"Dittmann Medical Writing \u2013 Hamburg","article_modified_time":"2024-07-09T12:11:05+00:00","og_image":[{"url":"https:\/\/dittmann-medical-writing.de\/de\/wp-content\/uploads\/2024\/05\/AdobeStock_807883913-624x350.jpeg","type":"","width":"","height":""}],"twitter_card":"summary_large_image","twitter_misc":{"Gesch\u00e4tzte Lesezeit":"1\u00a0Minute"},"schema":{"@context":"https:\/\/schema.org","@graph":[{"@type":"WebPage","@id":"https:\/\/dittmann-medical-writing.de\/de\/portfolio-2\/infectiology\/","url":"https:\/\/dittmann-medical-writing.de\/de\/portfolio-2\/infectiology\/","name":"Infektiologie \/\/ Infektionspr\u00e4vention &#8211; Dittmann Medical Writing \u2013 Hamburg","isPartOf":{"@id":"https:\/\/dittmann-medical-writing.de\/de\/#website"},"primaryImageOfPage":{"@id":"https:\/\/dittmann-medical-writing.de\/de\/portfolio-2\/infectiology\/#primaryimage"},"image":{"@id":"https:\/\/dittmann-medical-writing.de\/de\/portfolio-2\/infectiology\/#primaryimage"},"thumbnailUrl":"https:\/\/dittmann-medical-writing.de\/de\/wp-content\/uploads\/2024\/05\/AdobeStock_807883913-624x350.jpeg","datePublished":"2024-05-28T15:30:46+00:00","dateModified":"2024-07-09T12:11:05+00:00","breadcrumb":{"@id":"https:\/\/dittmann-medical-writing.de\/de\/portfolio-2\/infectiology\/#breadcrumb"},"inLanguage":"de","potentialAction":[{"@type":"ReadAction","target":["https:\/\/dittmann-medical-writing.de\/de\/portfolio-2\/infectiology\/"]}]},{"@type":"ImageObject","inLanguage":"de","@id":"https:\/\/dittmann-medical-writing.de\/de\/portfolio-2\/infectiology\/#primaryimage","url":"https:\/\/dittmann-medical-writing.de\/de\/wp-content\/uploads\/2024\/05\/AdobeStock_807883913-scaled.jpeg","contentUrl":"https:\/\/dittmann-medical-writing.de\/de\/wp-content\/uploads\/2024\/05\/AdobeStock_807883913-scaled.jpeg","width":2560,"height":1435,"caption":"Infektionspr\u00e4vention und Infektiologie"},{"@type":"BreadcrumbList","@id":"https:\/\/dittmann-medical-writing.de\/de\/portfolio-2\/infectiology\/#breadcrumb","itemListElement":[{"@type":"ListItem","position":1,"name":"Home","item":"https:\/\/dittmann-medical-writing.de\/de\/"},{"@type":"ListItem","position":2,"name":"Portfolio","item":"https:\/\/dittmann-medical-writing.de\/de\/portfolio-2\/"},{"@type":"ListItem","position":3,"name":"Infektiologie \/\/ Infektionspr\u00e4vention"}]},{"@type":"WebSite","@id":"https:\/\/dittmann-medical-writing.de\/de\/#website","url":"https:\/\/dittmann-medical-writing.de\/de\/","name":"Dittmann Medical Writing \u2013 Hamburg","description":"","publisher":{"@id":"https:\/\/dittmann-medical-writing.de\/de\/#organization"},"potentialAction":[{"@type":"SearchAction","target":{"@type":"EntryPoint","urlTemplate":"https:\/\/dittmann-medical-writing.de\/de\/?s={search_term_string}"},"query-input":{"@type":"PropertyValueSpecification","valueRequired":true,"valueName":"search_term_string"}}],"inLanguage":"de"},{"@type":"Organization","@id":"https:\/\/dittmann-medical-writing.de\/de\/#organization","name":"Dittmann Medical Writing","url":"https:\/\/dittmann-medical-writing.de\/de\/","logo":{"@type":"ImageObject","inLanguage":"de","@id":"https:\/\/dittmann-medical-writing.de\/de\/#\/schema\/logo\/image\/","url":"https:\/\/dittmann-medical-writing.de\/de\/wp-content\/uploads\/2016\/03\/logo_high_resolution.png","contentUrl":"https:\/\/dittmann-medical-writing.de\/de\/wp-content\/uploads\/2016\/03\/logo_high_resolution.png","width":2333,"height":485,"caption":"Dittmann Medical Writing"},"image":{"@id":"https:\/\/dittmann-medical-writing.de\/de\/#\/schema\/logo\/image\/"},"sameAs":["https:\/\/de.linkedin.com\/in\/juliadittmann"]}]}},"_links":{"self":[{"href":"https:\/\/dittmann-medical-writing.de\/de\/wp-json\/wp\/v2\/pages\/1776","targetHints":{"allow":["GET"]}}],"collection":[{"href":"https:\/\/dittmann-medical-writing.de\/de\/wp-json\/wp\/v2\/pages"}],"about":[{"href":"https:\/\/dittmann-medical-writing.de\/de\/wp-json\/wp\/v2\/types\/page"}],"author":[{"embeddable":true,"href":"https:\/\/dittmann-medical-writing.de\/de\/wp-json\/wp\/v2\/users\/1"}],"replies":[{"embeddable":true,"href":"https:\/\/dittmann-medical-writing.de\/de\/wp-json\/wp\/v2\/comments?post=1776"}],"version-history":[{"count":12,"href":"https:\/\/dittmann-medical-writing.de\/de\/wp-json\/wp\/v2\/pages\/1776\/revisions"}],"predecessor-version":[{"id":1892,"href":"https:\/\/dittmann-medical-writing.de\/de\/wp-json\/wp\/v2\/pages\/1776\/revisions\/1892"}],"up":[{"embeddable":true,"href":"https:\/\/dittmann-medical-writing.de\/de\/wp-json\/wp\/v2\/pages\/946"}],"wp:attachment":[{"href":"https:\/\/dittmann-medical-writing.de\/de\/wp-json\/wp\/v2\/media?parent=1776"}],"curies":[{"name":"wp","href":"https:\/\/api.w.org\/{rel}","templated":true}]}}