{"id":4,"date":"2015-02-17T15:30:20","date_gmt":"2015-02-17T14:30:20","guid":{"rendered":"https:\/\/dittmann-medical-writing.de\/test\/?page_id=4"},"modified":"2024-05-29T16:30:48","modified_gmt":"2024-05-29T14:30:48","slug":"home","status":"publish","type":"page","link":"https:\/\/dittmann-medical-writing.de\/de\/","title":{"rendered":"Medical Writing Service"},"content":{"rendered":"\n\n<h1>Medical Writing und Medical Communications: fachgerechte Unterst\u00fctzung<br \/>\n<\/h1>\n<p>Als freiberuflicher Medical Writer unterst\u00fctze ich Sie ganz nach Bedarf, zum Beispiel bei personellen oder zeitlichen Engp\u00e4ssen. Ich bearbeite f\u00fcr Sie medizinisch-wissenschaftliche Projekte im Bereich Medical Writing und Medical Communications &#8211; nach Ihren individuellen Anforderungen und selbstverst\u00e4ndlich fachgerecht und l\u00f6sungsorientiert.<\/p>\n<h2>Die passende Sprache<\/h2>\n<p>Verst\u00e4ndlich kommunizieren und gezielt wichtige Botschaften vermitteln: Damit Ihre Empf\u00e4nger\/innen Sie richtig verstehen, versetze ich mich in Ihre Zielgruppen und bringe selbst komplexe Inhalte klar und mit Sachverstand auf den Punkt.<\/p>\n<h2>Termingerecht<\/h2>\n<p>Wenn harte Deadlines dr\u00e4ngen und Ihre interne <em>WoMan<\/em>power voll ausgelastet ist: Ich verstehe die Abl\u00e4ufe und Fristen im Pharma- und Diagnostik-Gesch\u00e4ft und liefere p\u00fcnktlich und mit hoher Qualit\u00e4t.<\/p>\n<h2>Zuverl\u00e4ssig und flexibel<\/h2>\n<p>Zuverl\u00e4ssige Partnerin f\u00fcr die langfristige Zusammenarbeit: Ich denke mich in Ihre Bed\u00fcrfnisse ein und setze Ihre Projekte wunschgem\u00e4\u00df um.<\/p>\n<h2>Gut vernetzt<\/h2>\n<p>Auch umfangreichere Projekte sind bei mir in guten H\u00e4nden. Bei Bedarf arbeite ich mit weiteren Spezialist\/innen aus den Bereichen Wissenschaft, Text und Design zusammen.<\/p>\n\t<h2>Dittmann Medical Writing: Der Kopf dahinter<\/h2>\n<p><strong>Dr. Julia Dittmann &#8211; Molekularbiologin und technische Redakteurin<\/strong><\/p>\n<ul>\n<li>Medizinisch-naturwissenschaftlicher Sachverstand<\/li>\n<li>\u00dcber 15 Jahre Erfahrung und Kompetenz als Medical Writer f\u00fcr die Pharma- und Diagnostikbranche (Medical\/Scientific Affairs)<\/li>\n<li>Redaktionelle Fertigkeiten<\/li>\n<li>Ein hervorragendes Auge f\u00fcrs Detail &#8211; mit Blick auf das Ganze<\/li>\n<li>Professionell, motiviert und engagiert<\/li>\n<\/ul>\n\t<h2>Sie ben\u00f6tigen Unterst\u00fctzung im Bereich Medical Writing oder Medical Communications?<\/h2>\n<p>Dann freue ich mich auf Ihre unverbindliche <a title=\"Kontakt\" href=\"https:\/\/dittmann-medical-writing.de\/de\/contact\/\">Anfrage<\/a>!<\/p>\n\t\t\t\t<img loading=\"lazy\" decoding=\"async\" src=\"https:\/\/dittmann-medical-writing.de\/de\/wp-content\/uploads\/2015\/03\/Bild1-241x300.gif\" alt=\"Medical Writing und Medical Communications\" itemprop=\"image\" height=\"300\" width=\"241\" title=\"Medical Writer Dr. Julia Dittmann\" onerror=\"this.style.display='none'\"  \/>\n\t<span class='mb-center maxbutton-6-center'><span class='maxbutton-6-container mb-container'><a class=\"maxbutton-6 maxbutton maxbutton-portfolio\" href=\"https:\/\/dittmann-medical-writing.de\/de\/portfolio-2\"><span class='mb-text'>Portfolio<\/span><\/a><\/span><\/span>\n\n","protected":false},"excerpt":{"rendered":"<p>Medical Writing und Medical Communications: fachgerechte Unterst\u00fctzung Als freiberuflicher Medical Writer unterst\u00fctze ich Sie ganz nach Bedarf, zum Beispiel bei personellen oder zeitlichen Engp\u00e4ssen. Ich bearbeite f\u00fcr Sie medizinisch-wissenschaftliche Projekte im Bereich Medical Writing und Medical Communications &#8211; nach Ihren individuellen Anforderungen und selbstverst\u00e4ndlich fachgerecht und l\u00f6sungsorientiert. Die passende Sprache Verst\u00e4ndlich kommunizieren und gezielt wichtige [&hellip;]<\/p>\n","protected":false},"author":1,"featured_media":0,"parent":0,"menu_order":1,"comment_status":"closed","ping_status":"closed","template":"","meta":{"footnotes":""},"class_list":["post-4","page","type-page","status-publish","hentry"],"yoast_head":"<!-- This site is optimized with the Yoast SEO plugin v26.1 - https:\/\/yoast.com\/wordpress\/plugins\/seo\/ -->\n<title>Medical Writing Service &#8211; Dittmann Medical Writing \u2013 Hamburg<\/title>\n<meta name=\"description\" content=\"Dittmann Medical Writing unterst\u00fctzt Sie mit dem Erstellen fachgerechter medizinisch-wissenschaftlicher Dokumente nach Ihren individuellen Anforderungen\" \/>\n<meta name=\"robots\" content=\"index, follow, max-snippet:-1, max-image-preview:large, max-video-preview:-1\" \/>\n<link rel=\"canonical\" href=\"https:\/\/dittmann-medical-writing.de\/de\/\" \/>\n<meta property=\"og:locale\" content=\"de_DE\" \/>\n<meta property=\"og:type\" content=\"article\" \/>\n<meta property=\"og:title\" content=\"Medical Writing Service &#8211; Dittmann Medical Writing \u2013 Hamburg\" \/>\n<meta property=\"og:description\" content=\"Dittmann Medical Writing unterst\u00fctzt Sie mit dem Erstellen fachgerechter medizinisch-wissenschaftlicher Dokumente nach Ihren individuellen Anforderungen\" \/>\n<meta property=\"og:url\" content=\"https:\/\/dittmann-medical-writing.de\/de\/\" \/>\n<meta property=\"og:site_name\" content=\"Dittmann Medical Writing \u2013 Hamburg\" \/>\n<meta property=\"article:modified_time\" content=\"2024-05-29T14:30:48+00:00\" \/>\n<meta property=\"og:image\" content=\"https:\/\/dittmann-medical-writing.de\/de\/wp-content\/uploads\/2015\/03\/Bild1-241x300.gif\" \/>\n<meta name=\"twitter:card\" content=\"summary_large_image\" \/>\n<meta name=\"twitter:label1\" content=\"Gesch\u00e4tzte Lesezeit\" \/>\n\t<meta name=\"twitter:data1\" content=\"1\u00a0Minute\" \/>\n<script type=\"application\/ld+json\" class=\"yoast-schema-graph\">{\"@context\":\"https:\/\/schema.org\",\"@graph\":[{\"@type\":\"WebPage\",\"@id\":\"https:\/\/dittmann-medical-writing.de\/de\/\",\"url\":\"https:\/\/dittmann-medical-writing.de\/de\/\",\"name\":\"Medical Writing Service &#8211; Dittmann Medical Writing \u2013 Hamburg\",\"isPartOf\":{\"@id\":\"https:\/\/dittmann-medical-writing.de\/de\/#website\"},\"primaryImageOfPage\":{\"@id\":\"https:\/\/dittmann-medical-writing.de\/de\/#primaryimage\"},\"image\":{\"@id\":\"https:\/\/dittmann-medical-writing.de\/de\/#primaryimage\"},\"thumbnailUrl\":\"https:\/\/dittmann-medical-writing.de\/de\/wp-content\/uploads\/2015\/03\/Bild1-241x300.gif\",\"datePublished\":\"2015-02-17T14:30:20+00:00\",\"dateModified\":\"2024-05-29T14:30:48+00:00\",\"description\":\"Dittmann Medical Writing unterst\u00fctzt Sie mit dem Erstellen fachgerechter medizinisch-wissenschaftlicher Dokumente nach Ihren individuellen Anforderungen\",\"breadcrumb\":{\"@id\":\"https:\/\/dittmann-medical-writing.de\/de\/#breadcrumb\"},\"inLanguage\":\"de\",\"potentialAction\":[{\"@type\":\"ReadAction\",\"target\":[\"https:\/\/dittmann-medical-writing.de\/de\/\"]}]},{\"@type\":\"ImageObject\",\"inLanguage\":\"de\",\"@id\":\"https:\/\/dittmann-medical-writing.de\/de\/#primaryimage\",\"url\":\"https:\/\/dittmann-medical-writing.de\/de\/wp-content\/uploads\/2015\/03\/Bild1.gif\",\"contentUrl\":\"https:\/\/dittmann-medical-writing.de\/de\/wp-content\/uploads\/2015\/03\/Bild1.gif\",\"width\":1106,\"height\":1375,\"caption\":\"Medical Writing und Medical Communications\"},{\"@type\":\"BreadcrumbList\",\"@id\":\"https:\/\/dittmann-medical-writing.de\/de\/#breadcrumb\",\"itemListElement\":[{\"@type\":\"ListItem\",\"position\":1,\"name\":\"Home\",\"item\":\"https:\/\/dittmann-medical-writing.de\/de\/\"},{\"@type\":\"ListItem\",\"position\":2,\"name\":\"Medical Writing Service\"}]},{\"@type\":\"WebSite\",\"@id\":\"https:\/\/dittmann-medical-writing.de\/de\/#website\",\"url\":\"https:\/\/dittmann-medical-writing.de\/de\/\",\"name\":\"Dittmann Medical Writing \u2013 Hamburg\",\"description\":\"\",\"publisher\":{\"@id\":\"https:\/\/dittmann-medical-writing.de\/de\/#organization\"},\"potentialAction\":[{\"@type\":\"SearchAction\",\"target\":{\"@type\":\"EntryPoint\",\"urlTemplate\":\"https:\/\/dittmann-medical-writing.de\/de\/?s={search_term_string}\"},\"query-input\":{\"@type\":\"PropertyValueSpecification\",\"valueRequired\":true,\"valueName\":\"search_term_string\"}}],\"inLanguage\":\"de\"},{\"@type\":\"Organization\",\"@id\":\"https:\/\/dittmann-medical-writing.de\/de\/#organization\",\"name\":\"Dittmann Medical Writing\",\"url\":\"https:\/\/dittmann-medical-writing.de\/de\/\",\"logo\":{\"@type\":\"ImageObject\",\"inLanguage\":\"de\",\"@id\":\"https:\/\/dittmann-medical-writing.de\/de\/#\/schema\/logo\/image\/\",\"url\":\"https:\/\/dittmann-medical-writing.de\/de\/wp-content\/uploads\/2016\/03\/logo_high_resolution.png\",\"contentUrl\":\"https:\/\/dittmann-medical-writing.de\/de\/wp-content\/uploads\/2016\/03\/logo_high_resolution.png\",\"width\":2333,\"height\":485,\"caption\":\"Dittmann Medical Writing\"},\"image\":{\"@id\":\"https:\/\/dittmann-medical-writing.de\/de\/#\/schema\/logo\/image\/\"},\"sameAs\":[\"https:\/\/de.linkedin.com\/in\/juliadittmann\"]}]}<\/script>\n<!-- \/ Yoast SEO plugin. -->","yoast_head_json":{"title":"Medical Writing Service &#8211; Dittmann Medical Writing \u2013 Hamburg","description":"Dittmann Medical Writing unterst\u00fctzt Sie mit dem Erstellen fachgerechter medizinisch-wissenschaftlicher Dokumente nach Ihren individuellen Anforderungen","robots":{"index":"index","follow":"follow","max-snippet":"max-snippet:-1","max-image-preview":"max-image-preview:large","max-video-preview":"max-video-preview:-1"},"canonical":"https:\/\/dittmann-medical-writing.de\/de\/","og_locale":"de_DE","og_type":"article","og_title":"Medical Writing Service &#8211; Dittmann Medical Writing \u2013 Hamburg","og_description":"Dittmann Medical Writing unterst\u00fctzt Sie mit dem Erstellen fachgerechter medizinisch-wissenschaftlicher Dokumente nach Ihren individuellen Anforderungen","og_url":"https:\/\/dittmann-medical-writing.de\/de\/","og_site_name":"Dittmann Medical Writing \u2013 Hamburg","article_modified_time":"2024-05-29T14:30:48+00:00","og_image":[{"url":"https:\/\/dittmann-medical-writing.de\/de\/wp-content\/uploads\/2015\/03\/Bild1-241x300.gif","type":"","width":"","height":""}],"twitter_card":"summary_large_image","twitter_misc":{"Gesch\u00e4tzte Lesezeit":"1\u00a0Minute"},"schema":{"@context":"https:\/\/schema.org","@graph":[{"@type":"WebPage","@id":"https:\/\/dittmann-medical-writing.de\/de\/","url":"https:\/\/dittmann-medical-writing.de\/de\/","name":"Medical Writing Service &#8211; Dittmann Medical Writing \u2013 Hamburg","isPartOf":{"@id":"https:\/\/dittmann-medical-writing.de\/de\/#website"},"primaryImageOfPage":{"@id":"https:\/\/dittmann-medical-writing.de\/de\/#primaryimage"},"image":{"@id":"https:\/\/dittmann-medical-writing.de\/de\/#primaryimage"},"thumbnailUrl":"https:\/\/dittmann-medical-writing.de\/de\/wp-content\/uploads\/2015\/03\/Bild1-241x300.gif","datePublished":"2015-02-17T14:30:20+00:00","dateModified":"2024-05-29T14:30:48+00:00","description":"Dittmann Medical Writing unterst\u00fctzt Sie mit dem Erstellen fachgerechter medizinisch-wissenschaftlicher Dokumente nach Ihren individuellen Anforderungen","breadcrumb":{"@id":"https:\/\/dittmann-medical-writing.de\/de\/#breadcrumb"},"inLanguage":"de","potentialAction":[{"@type":"ReadAction","target":["https:\/\/dittmann-medical-writing.de\/de\/"]}]},{"@type":"ImageObject","inLanguage":"de","@id":"https:\/\/dittmann-medical-writing.de\/de\/#primaryimage","url":"https:\/\/dittmann-medical-writing.de\/de\/wp-content\/uploads\/2015\/03\/Bild1.gif","contentUrl":"https:\/\/dittmann-medical-writing.de\/de\/wp-content\/uploads\/2015\/03\/Bild1.gif","width":1106,"height":1375,"caption":"Medical Writing und Medical Communications"},{"@type":"BreadcrumbList","@id":"https:\/\/dittmann-medical-writing.de\/de\/#breadcrumb","itemListElement":[{"@type":"ListItem","position":1,"name":"Home","item":"https:\/\/dittmann-medical-writing.de\/de\/"},{"@type":"ListItem","position":2,"name":"Medical Writing Service"}]},{"@type":"WebSite","@id":"https:\/\/dittmann-medical-writing.de\/de\/#website","url":"https:\/\/dittmann-medical-writing.de\/de\/","name":"Dittmann Medical Writing \u2013 Hamburg","description":"","publisher":{"@id":"https:\/\/dittmann-medical-writing.de\/de\/#organization"},"potentialAction":[{"@type":"SearchAction","target":{"@type":"EntryPoint","urlTemplate":"https:\/\/dittmann-medical-writing.de\/de\/?s={search_term_string}"},"query-input":{"@type":"PropertyValueSpecification","valueRequired":true,"valueName":"search_term_string"}}],"inLanguage":"de"},{"@type":"Organization","@id":"https:\/\/dittmann-medical-writing.de\/de\/#organization","name":"Dittmann Medical Writing","url":"https:\/\/dittmann-medical-writing.de\/de\/","logo":{"@type":"ImageObject","inLanguage":"de","@id":"https:\/\/dittmann-medical-writing.de\/de\/#\/schema\/logo\/image\/","url":"https:\/\/dittmann-medical-writing.de\/de\/wp-content\/uploads\/2016\/03\/logo_high_resolution.png","contentUrl":"https:\/\/dittmann-medical-writing.de\/de\/wp-content\/uploads\/2016\/03\/logo_high_resolution.png","width":2333,"height":485,"caption":"Dittmann Medical Writing"},"image":{"@id":"https:\/\/dittmann-medical-writing.de\/de\/#\/schema\/logo\/image\/"},"sameAs":["https:\/\/de.linkedin.com\/in\/juliadittmann"]}]}},"_links":{"self":[{"href":"https:\/\/dittmann-medical-writing.de\/de\/wp-json\/wp\/v2\/pages\/4","targetHints":{"allow":["GET"]}}],"collection":[{"href":"https:\/\/dittmann-medical-writing.de\/de\/wp-json\/wp\/v2\/pages"}],"about":[{"href":"https:\/\/dittmann-medical-writing.de\/de\/wp-json\/wp\/v2\/types\/page"}],"author":[{"embeddable":true,"href":"https:\/\/dittmann-medical-writing.de\/de\/wp-json\/wp\/v2\/users\/1"}],"replies":[{"embeddable":true,"href":"https:\/\/dittmann-medical-writing.de\/de\/wp-json\/wp\/v2\/comments?post=4"}],"version-history":[{"count":154,"href":"https:\/\/dittmann-medical-writing.de\/de\/wp-json\/wp\/v2\/pages\/4\/revisions"}],"predecessor-version":[{"id":1830,"href":"https:\/\/dittmann-medical-writing.de\/de\/wp-json\/wp\/v2\/pages\/4\/revisions\/1830"}],"wp:attachment":[{"href":"https:\/\/dittmann-medical-writing.de\/de\/wp-json\/wp\/v2\/media?parent=4"}],"curies":[{"name":"wp","href":"https:\/\/api.w.org\/{rel}","templated":true}]}}