{"id":53,"date":"2015-03-05T18:42:25","date_gmt":"2015-03-05T17:42:25","guid":{"rendered":"https:\/\/dittmann-medical-writing.de\/test\/?page_id=53"},"modified":"2024-05-13T15:47:17","modified_gmt":"2024-05-13T13:47:17","slug":"legalnotice","status":"publish","type":"page","link":"https:\/\/dittmann-medical-writing.de\/de\/legalnotice\/","title":{"rendered":"Impressum"},"content":{"rendered":"\n\n\t<h1>Impressum<\/h1>\n<h3>Angaben gem\u00e4\u00df \u00a7 5 TMG<\/h3>\n<strong>Dittmann Medical Writing<\/strong><br \/>\nDr. Julia Dittmann<br \/>\nLudwig-Erhard-Str. 18<br \/>\n20459 Hamburg\nMobil: +49 (0)160 797 60 62<br \/>\nE-Mail: <a href=\"mailto:service@dittmann-medical-writing.de\" target=\"_blank\" rel=\"noopener noreferrer\">service@dittmann-medical-writing.de<\/a><br \/>\nWebsite: <a href=\"http:\/\/www.dittmann-medical-writing.de\">www.dittmann-medical-writing.de<\/a>\nUmsatzsteuer-Identifikationsnummer gem\u00e4\u00df \u00a727 a Umsatzsteuergesetz:<br \/>\nDE298881795\n<p>Berufsbezeichnung: Diplom-Biologin, technische Redakteurin<\/p>\nFotos:<br \/>\nStudioline Photography\nStockbilder:<br \/>\nAdobe Stock<br \/>\nShutterstock<br \/>\nVeer\n\t<h3>Haftungsausschluss (Disclaimer)<\/h3>\n<h4>Haftung f\u00fcr Inhalte<\/h4>\n<p>Als Diensteanbieter bin ich gem\u00e4\u00df \u00a7 7 Abs.1 TMG f\u00fcr eigene Inhalte auf diesen Seiten nach den allgemeinen Gesetzen verantwortlich. Nach \u00a7\u00a7 8 bis 10 TMG bin ich als Diensteanbieter jedoch nicht verpflichtet, \u00fcbermittelte oder gespeicherte fremde Informationen zu \u00fcberwachen oder nach Umst\u00e4nden zu forschen, die auf eine rechtswidrige T\u00e4tigkeit hinweisen. Verpflichtungen zur Entfernung oder Sperrung der Nutzung von Informationen nach den allgemeinen Gesetzen bleiben hiervon unber\u00fchrt. Eine diesbez\u00fcgliche Haftung ist jedoch erst ab dem Zeitpunkt der Kenntnis einer konkreten Rechtsverletzung m\u00f6glich. Bei Bekanntwerden von entsprechenden Rechtsverletzungen werde ich diese Inhalte umgehend entfernen.<\/p>\n\t<h4>Haftung f\u00fcr Links<\/h4>\n<p>Mein Angebot enth\u00e4lt Links zu externen Webseiten Dritter, auf deren Inhalte ich keinen Einfluss habe. Deshalb kann ich f\u00fcr diese fremden Inhalte auch keine Gew\u00e4hr \u00fcbernehmen. F\u00fcr die Inhalte der verlinkten Seiten ist stets der jeweilige Anbieter oder Betreiber der Seiten verantwortlich. Die verlinkten Seiten wurden zum Zeitpunkt der Verlinkung auf m\u00f6gliche Rechtsverst\u00f6\u00dfe \u00fcberpr\u00fcft. Rechtswidrige Inhalte waren zum Zeitpunkt der Verlinkung nicht erkennbar. Eine permanente inhaltliche Kontrolle der verlinkten Seiten ist jedoch ohne konkrete Anhaltspunkte einer Rechtsverletzung nicht zumutbar. Bei Bekanntwerden von Rechtsverletzungen werde ich derartige Links umgehend entfernen.<\/p>\n\t<h4>Urheberrecht<\/h4>\n<p>Die durch den Seitenbetreiber erstellten Inhalte und Werke auf diesen Seiten unterliegen dem deutschen Urheberrecht. Die Vervielf\u00e4ltigung, Bearbeitung, Verbreitung und jede Art der Verwertung au\u00dferhalb der Grenzen des Urheberrechtes bed\u00fcrfen der schriftlichen Zustimmung des jeweiligen Autors bzw. Erstellers. Downloads und Kopien dieser Seite sind nur f\u00fcr den privaten, nicht kommerziellen Gebrauch gestattet. Soweit die Inhalte auf dieser Seite nicht vom Betreiber erstellt wurden, werden die Urheberrechte Dritter beachtet. Insbesondere werden Inhalte Dritter als solche gekennzeichnet. Sollten Sie trotzdem auf eine Urheberrechtsverletzung aufmerksam werden, bitte ich um einen entsprechenden Hinweis. Bei Bekanntwerden von Rechtsverletzungen werde ich derartige Inhalte umgehend entfernen.<\/p>\n\t<h3>Datenschutzerkl\u00e4rung<\/h3>\n<h4>Datenschutz<\/h4>\n<p>Der Nutzung von im Rahmen der Impressumspflicht ver\u00f6ffentlichten Kontaktdaten durch Dritte zur \u00dcbersendung von nicht ausdr\u00fccklich angeforderter Werbung und Informationsmaterialien wird hiermit ausdr\u00fccklich widersprochen. Der Betreiber der Seiten beh\u00e4lt sich ausdr\u00fccklich rechtliche Schritte im Falle der unverlangten Zusendung von Werbeinformationen, etwa durch Spam-Mails, vor.<\/p>\n<p>Quelle: eRecht24<\/p>\n<p>Ausschlie\u00dflich ma\u00dfgeblich ist die deutsche Version des Impressums.<\/p>\n<p>Das Impressum gilt auch f\u00fcr Social-Media-Seiten wie LinkedIn und Xing.<\/p>\n\n","protected":false},"excerpt":{"rendered":"<p>Impressum Angaben gem\u00e4\u00df \u00a7 5 TMG Dittmann Medical Writing Dr. Julia Dittmann Ludwig-Erhard-Str. 18 20459 Hamburg Mobil: +49 (0)160 797 60 62 E-Mail: service@dittmann-medical-writing.de Website: www.dittmann-medical-writing.de Umsatzsteuer-Identifikationsnummer gem\u00e4\u00df \u00a727 a Umsatzsteuergesetz: DE298881795 Berufsbezeichnung: Diplom-Biologin, technische Redakteurin Fotos: Studioline Photography Stockbilder: Adobe Stock Shutterstock Veer Haftungsausschluss (Disclaimer) Haftung f\u00fcr Inhalte Als Diensteanbieter bin ich gem\u00e4\u00df \u00a7 [&hellip;]<\/p>\n","protected":false},"author":3,"featured_media":0,"parent":0,"menu_order":9,"comment_status":"closed","ping_status":"closed","template":"","meta":{"footnotes":""},"class_list":["post-53","page","type-page","status-publish","hentry"],"yoast_head":"<!-- This site is optimized with the Yoast SEO plugin v26.1 - https:\/\/yoast.com\/wordpress\/plugins\/seo\/ -->\n<title>Impressum &#8211; Dittmann Medical Writing \u2013 Hamburg<\/title>\n<meta name=\"robots\" content=\"index, follow, max-snippet:-1, max-image-preview:large, max-video-preview:-1\" \/>\n<link rel=\"canonical\" href=\"https:\/\/dittmann-medical-writing.de\/de\/legalnotice\/\" \/>\n<meta property=\"og:locale\" content=\"de_DE\" \/>\n<meta property=\"og:type\" content=\"article\" \/>\n<meta property=\"og:title\" content=\"Impressum &#8211; Dittmann Medical Writing \u2013 Hamburg\" \/>\n<meta property=\"og:description\" content=\"Impressum Angaben gem\u00e4\u00df \u00a7 5 TMG Dittmann Medical Writing Dr. Julia Dittmann Ludwig-Erhard-Str. 18 20459 Hamburg Mobil: +49 (0)160 797 60 62 E-Mail: service@dittmann-medical-writing.de Website: www.dittmann-medical-writing.de Umsatzsteuer-Identifikationsnummer gem\u00e4\u00df \u00a727 a Umsatzsteuergesetz: DE298881795 Berufsbezeichnung: Diplom-Biologin, technische Redakteurin Fotos: Studioline Photography Stockbilder: Adobe Stock Shutterstock Veer Haftungsausschluss (Disclaimer) Haftung f\u00fcr Inhalte Als Diensteanbieter bin ich gem\u00e4\u00df \u00a7 [&hellip;]\" \/>\n<meta property=\"og:url\" content=\"https:\/\/dittmann-medical-writing.de\/de\/legalnotice\/\" \/>\n<meta property=\"og:site_name\" content=\"Dittmann Medical Writing \u2013 Hamburg\" \/>\n<meta property=\"article:modified_time\" content=\"2024-05-13T13:47:17+00:00\" \/>\n<meta name=\"twitter:card\" content=\"summary_large_image\" \/>\n<meta name=\"twitter:label1\" content=\"Gesch\u00e4tzte Lesezeit\" \/>\n\t<meta name=\"twitter:data1\" content=\"2\u00a0Minuten\" \/>\n<script type=\"application\/ld+json\" class=\"yoast-schema-graph\">{\"@context\":\"https:\/\/schema.org\",\"@graph\":[{\"@type\":\"WebPage\",\"@id\":\"https:\/\/dittmann-medical-writing.de\/de\/legalnotice\/\",\"url\":\"https:\/\/dittmann-medical-writing.de\/de\/legalnotice\/\",\"name\":\"Impressum &#8211; Dittmann Medical Writing \u2013 Hamburg\",\"isPartOf\":{\"@id\":\"https:\/\/dittmann-medical-writing.de\/de\/#website\"},\"datePublished\":\"2015-03-05T17:42:25+00:00\",\"dateModified\":\"2024-05-13T13:47:17+00:00\",\"breadcrumb\":{\"@id\":\"https:\/\/dittmann-medical-writing.de\/de\/legalnotice\/#breadcrumb\"},\"inLanguage\":\"de\",\"potentialAction\":[{\"@type\":\"ReadAction\",\"target\":[\"https:\/\/dittmann-medical-writing.de\/de\/legalnotice\/\"]}]},{\"@type\":\"BreadcrumbList\",\"@id\":\"https:\/\/dittmann-medical-writing.de\/de\/legalnotice\/#breadcrumb\",\"itemListElement\":[{\"@type\":\"ListItem\",\"position\":1,\"name\":\"Home\",\"item\":\"https:\/\/dittmann-medical-writing.de\/de\/\"},{\"@type\":\"ListItem\",\"position\":2,\"name\":\"Impressum\"}]},{\"@type\":\"WebSite\",\"@id\":\"https:\/\/dittmann-medical-writing.de\/de\/#website\",\"url\":\"https:\/\/dittmann-medical-writing.de\/de\/\",\"name\":\"Dittmann Medical Writing \u2013 Hamburg\",\"description\":\"\",\"publisher\":{\"@id\":\"https:\/\/dittmann-medical-writing.de\/de\/#organization\"},\"potentialAction\":[{\"@type\":\"SearchAction\",\"target\":{\"@type\":\"EntryPoint\",\"urlTemplate\":\"https:\/\/dittmann-medical-writing.de\/de\/?s={search_term_string}\"},\"query-input\":{\"@type\":\"PropertyValueSpecification\",\"valueRequired\":true,\"valueName\":\"search_term_string\"}}],\"inLanguage\":\"de\"},{\"@type\":\"Organization\",\"@id\":\"https:\/\/dittmann-medical-writing.de\/de\/#organization\",\"name\":\"Dittmann Medical Writing\",\"url\":\"https:\/\/dittmann-medical-writing.de\/de\/\",\"logo\":{\"@type\":\"ImageObject\",\"inLanguage\":\"de\",\"@id\":\"https:\/\/dittmann-medical-writing.de\/de\/#\/schema\/logo\/image\/\",\"url\":\"https:\/\/dittmann-medical-writing.de\/de\/wp-content\/uploads\/2016\/03\/logo_high_resolution.png\",\"contentUrl\":\"https:\/\/dittmann-medical-writing.de\/de\/wp-content\/uploads\/2016\/03\/logo_high_resolution.png\",\"width\":2333,\"height\":485,\"caption\":\"Dittmann Medical Writing\"},\"image\":{\"@id\":\"https:\/\/dittmann-medical-writing.de\/de\/#\/schema\/logo\/image\/\"},\"sameAs\":[\"https:\/\/de.linkedin.com\/in\/juliadittmann\"]}]}<\/script>\n<!-- \/ Yoast SEO plugin. -->","yoast_head_json":{"title":"Impressum &#8211; Dittmann Medical Writing \u2013 Hamburg","robots":{"index":"index","follow":"follow","max-snippet":"max-snippet:-1","max-image-preview":"max-image-preview:large","max-video-preview":"max-video-preview:-1"},"canonical":"https:\/\/dittmann-medical-writing.de\/de\/legalnotice\/","og_locale":"de_DE","og_type":"article","og_title":"Impressum &#8211; Dittmann Medical Writing \u2013 Hamburg","og_description":"Impressum Angaben gem\u00e4\u00df \u00a7 5 TMG Dittmann Medical Writing Dr. Julia Dittmann Ludwig-Erhard-Str. 18 20459 Hamburg Mobil: +49 (0)160 797 60 62 E-Mail: service@dittmann-medical-writing.de Website: www.dittmann-medical-writing.de Umsatzsteuer-Identifikationsnummer gem\u00e4\u00df \u00a727 a Umsatzsteuergesetz: DE298881795 Berufsbezeichnung: Diplom-Biologin, technische Redakteurin Fotos: Studioline Photography Stockbilder: Adobe Stock Shutterstock Veer Haftungsausschluss (Disclaimer) Haftung f\u00fcr Inhalte Als Diensteanbieter bin ich gem\u00e4\u00df \u00a7 [&hellip;]","og_url":"https:\/\/dittmann-medical-writing.de\/de\/legalnotice\/","og_site_name":"Dittmann Medical Writing \u2013 Hamburg","article_modified_time":"2024-05-13T13:47:17+00:00","twitter_card":"summary_large_image","twitter_misc":{"Gesch\u00e4tzte Lesezeit":"2\u00a0Minuten"},"schema":{"@context":"https:\/\/schema.org","@graph":[{"@type":"WebPage","@id":"https:\/\/dittmann-medical-writing.de\/de\/legalnotice\/","url":"https:\/\/dittmann-medical-writing.de\/de\/legalnotice\/","name":"Impressum &#8211; Dittmann Medical Writing \u2013 Hamburg","isPartOf":{"@id":"https:\/\/dittmann-medical-writing.de\/de\/#website"},"datePublished":"2015-03-05T17:42:25+00:00","dateModified":"2024-05-13T13:47:17+00:00","breadcrumb":{"@id":"https:\/\/dittmann-medical-writing.de\/de\/legalnotice\/#breadcrumb"},"inLanguage":"de","potentialAction":[{"@type":"ReadAction","target":["https:\/\/dittmann-medical-writing.de\/de\/legalnotice\/"]}]},{"@type":"BreadcrumbList","@id":"https:\/\/dittmann-medical-writing.de\/de\/legalnotice\/#breadcrumb","itemListElement":[{"@type":"ListItem","position":1,"name":"Home","item":"https:\/\/dittmann-medical-writing.de\/de\/"},{"@type":"ListItem","position":2,"name":"Impressum"}]},{"@type":"WebSite","@id":"https:\/\/dittmann-medical-writing.de\/de\/#website","url":"https:\/\/dittmann-medical-writing.de\/de\/","name":"Dittmann Medical Writing \u2013 Hamburg","description":"","publisher":{"@id":"https:\/\/dittmann-medical-writing.de\/de\/#organization"},"potentialAction":[{"@type":"SearchAction","target":{"@type":"EntryPoint","urlTemplate":"https:\/\/dittmann-medical-writing.de\/de\/?s={search_term_string}"},"query-input":{"@type":"PropertyValueSpecification","valueRequired":true,"valueName":"search_term_string"}}],"inLanguage":"de"},{"@type":"Organization","@id":"https:\/\/dittmann-medical-writing.de\/de\/#organization","name":"Dittmann Medical Writing","url":"https:\/\/dittmann-medical-writing.de\/de\/","logo":{"@type":"ImageObject","inLanguage":"de","@id":"https:\/\/dittmann-medical-writing.de\/de\/#\/schema\/logo\/image\/","url":"https:\/\/dittmann-medical-writing.de\/de\/wp-content\/uploads\/2016\/03\/logo_high_resolution.png","contentUrl":"https:\/\/dittmann-medical-writing.de\/de\/wp-content\/uploads\/2016\/03\/logo_high_resolution.png","width":2333,"height":485,"caption":"Dittmann Medical Writing"},"image":{"@id":"https:\/\/dittmann-medical-writing.de\/de\/#\/schema\/logo\/image\/"},"sameAs":["https:\/\/de.linkedin.com\/in\/juliadittmann"]}]}},"_links":{"self":[{"href":"https:\/\/dittmann-medical-writing.de\/de\/wp-json\/wp\/v2\/pages\/53","targetHints":{"allow":["GET"]}}],"collection":[{"href":"https:\/\/dittmann-medical-writing.de\/de\/wp-json\/wp\/v2\/pages"}],"about":[{"href":"https:\/\/dittmann-medical-writing.de\/de\/wp-json\/wp\/v2\/types\/page"}],"author":[{"embeddable":true,"href":"https:\/\/dittmann-medical-writing.de\/de\/wp-json\/wp\/v2\/users\/3"}],"replies":[{"embeddable":true,"href":"https:\/\/dittmann-medical-writing.de\/de\/wp-json\/wp\/v2\/comments?post=53"}],"version-history":[{"count":23,"href":"https:\/\/dittmann-medical-writing.de\/de\/wp-json\/wp\/v2\/pages\/53\/revisions"}],"predecessor-version":[{"id":1755,"href":"https:\/\/dittmann-medical-writing.de\/de\/wp-json\/wp\/v2\/pages\/53\/revisions\/1755"}],"wp:attachment":[{"href":"https:\/\/dittmann-medical-writing.de\/de\/wp-json\/wp\/v2\/media?parent=53"}],"curies":[{"name":"wp","href":"https:\/\/api.w.org\/{rel}","templated":true}]}}