{"id":6,"date":"2015-02-17T15:39:05","date_gmt":"2015-02-17T14:39:05","guid":{"rendered":"https:\/\/dittmann-medical-writing.de\/test\/?page_id=6"},"modified":"2024-06-17T17:42:17","modified_gmt":"2024-06-17T15:42:17","slug":"services","status":"publish","type":"page","link":"https:\/\/dittmann-medical-writing.de\/de\/services\/","title":{"rendered":"Services"},"content":{"rendered":"\n\n\t<h1>Medical Writing<\/h1>\n<h1>Regulatory Writing \/\/ Scientific Writing \/\/ Educational Writing \/\/ Medical Communications<br \/>\n<\/h1>\nMeine Dienstleistungen richten sich vor allem an Unternehmen, Medien und Agenturen aus den Bereichen Pharma, Diagnostik und Medizintechnik. Ich erstelle f\u00fcr Sie medizinisch-wissenschaftliche Inhalte auf Deutsch oder Englisch und ganz nach Ihren Anforderungen!<br \/>\n\n\t\t\t\t<img loading=\"lazy\" decoding=\"async\" src=\"https:\/\/dittmann-medical-writing.de\/de\/wp-content\/uploads\/2024\/05\/AdobeStock_701660825-1024x683.jpeg\" alt=\"Medicine doctor writing electronic medical record of patient on laptop. Digital healthcare and network connection on hologram virtual interface, Medical technology and social network. generative AI\" itemprop=\"image\" height=\"417\" width=\"625\" title=\"Medicine doctor writing electronic medical record of patient on laptop. Digital healthcare and network connection on hologram virtual interface, Medical technology and social network. generative AI\" onerror=\"this.style.display='none'\"  \/>\n\t<h2>Regulatory Writing<\/h2>\n<ul>\n<li>Studienberichte (CSRs, OS Reports etc.)<br \/>\n<\/li>\n<li>Studienprotokolle<\/li>\n<li>Patientenaufkl\u00e4rungsb\u00f6gen<\/li>\n<li>Pr\u00fcfb\u00f6gen und Pr\u00fcferinformationen<\/li>\n<li>Produktmonographien<\/li>\n<li>Fachinformationen <\/li>\n<li>Module von Zulassungsdokumenten wie klinische \u00dcbersichten und klinische Zusammenfassungen<\/li>\n<li>Scientific Evidence Reports f\u00fcr Diagnostika<\/li>\n<li>Briefing Books<\/li>\n<li>Etc.<\/li>\n<\/ul>\n\t<h2>Scientific Writing<\/h2>\n<ul>\n<li>Wissenschaftliche Publikationen (Originalartikel und Reviews)<\/li>\n<li>Abstracts<\/li>\n<li>Poster<\/li>\n<li>Slide Sets f\u00fcr Kongresse<\/li>\n<li>Kongressbeitr\u00e4ge<\/li>\n<li>Etc.<\/li>\n<\/ul>\n\t\t\t\t<img loading=\"lazy\" decoding=\"async\" src=\"https:\/\/dittmann-medical-writing.de\/de\/wp-content\/uploads\/2024\/05\/AdobeStock_644920928-1024x493.jpeg\" alt=\"Senior woman, doctor and digital transformation in portrait, healthcare and tech innovation with hologram. Medical research, overlay and mockup space, 3D and futuristic health with growth and service.\" itemprop=\"image\" height=\"301\" width=\"625\" title=\"Senior woman, doctor and digital transformation in portrait, healthcare and tech innovation with hologram. Medical research, overlay and mockup space, 3D and futuristic health with growth and service\" onerror=\"this.style.display='none'\"  \/>\n\t<h2>Medical Communications<strong><br \/>\n<\/strong><\/h2>\n<ul>\n<li>Magazinartikel<\/li>\n<li>Web Content<\/li>\n<li>Newsletter<\/li>\n<li>Unternehmensmitteilungen<\/li>\n<li>Patienteninformationen<\/li>\n<li>Interview- und Filmskripte<\/li>\n<li>Mailings<\/li>\n<li>Advisory Board Reports<\/li>\n<li>Etc.<\/li>\n<\/ul>\n\t<h2>Educational Writing<strong><br \/>\n<\/strong><\/h2>\n<ul>\n<li>Slide Decks f\u00fcr Trainings<\/li>\n<li>Weitere Trainingsunterlagen<\/li>\n<li>eLearning-Skripte<\/li>\n<li>CME-Fortbildungen<\/li>\n<li>Kasuistiken<\/li>\n<li>Etc.<\/li>\n<\/ul>\n\t<h2>Weitere Services<\/h2>\n<ul>\n<li>Fach\u00fcbersetzungen Englisch-Deutsch\/Deutsch-Englisch<\/li>\n<li>Transkriptionen in Englisch und Deutsch<\/li>\n<li>Lektorat und Korrektorat<\/li>\n<li>Unterst\u00fctzung bei Fachkongressen und Advisory Boards, z. B. Protokollierung<\/li>\n<\/ul>\n<p>Sie m\u00f6chten ein Projekt umsetzen, das hier nicht aufgelistet ist? Kein Problem &#8211; sprechen Sie mich einfach an. <\/p>\nMeine fachlichen Schwerpunkte finden Sie <a title=\"Profil\" href=\"https:\/\/dittmann-medical-writing.de\/de\/portfolio-2\/\">hier<\/a> noch einmal im \u00dcberblick.<br \/>\n\n\n","protected":false},"excerpt":{"rendered":"<p>Medical Writing Regulatory Writing \/\/ Scientific Writing \/\/ Educational Writing \/\/ Medical Communications Meine Dienstleistungen richten sich vor allem an Unternehmen, Medien und Agenturen aus den Bereichen Pharma, Diagnostik und Medizintechnik. Ich erstelle f\u00fcr Sie medizinisch-wissenschaftliche Inhalte auf Deutsch oder Englisch und ganz nach Ihren Anforderungen! Regulatory Writing Studienberichte (CSRs, OS Reports etc.) Studienprotokolle Patientenaufkl\u00e4rungsb\u00f6gen [&hellip;]<\/p>\n","protected":false},"author":1,"featured_media":0,"parent":0,"menu_order":2,"comment_status":"closed","ping_status":"closed","template":"","meta":{"footnotes":""},"class_list":["post-6","page","type-page","status-publish","hentry"],"yoast_head":"<!-- This site is optimized with the Yoast SEO plugin v26.1 - https:\/\/yoast.com\/wordpress\/plugins\/seo\/ -->\n<title>Services &#8211; Dittmann Medical Writing \u2013 Hamburg<\/title>\n<meta name=\"description\" content=\"Dittmann Medical Writing bietet Ihnen umfangreiche Medical Writing Services in den Bereichen Regulatory, Educational, Scientific und MedComms\" \/>\n<meta name=\"robots\" content=\"index, follow, max-snippet:-1, max-image-preview:large, max-video-preview:-1\" \/>\n<link rel=\"canonical\" href=\"https:\/\/dittmann-medical-writing.de\/de\/services\/\" \/>\n<meta property=\"og:locale\" content=\"de_DE\" \/>\n<meta property=\"og:type\" content=\"article\" \/>\n<meta property=\"og:title\" content=\"Services &#8211; Dittmann Medical Writing \u2013 Hamburg\" \/>\n<meta property=\"og:description\" content=\"Dittmann Medical Writing bietet Ihnen umfangreiche Medical Writing Services in den Bereichen Regulatory, Educational, Scientific und MedComms\" \/>\n<meta property=\"og:url\" content=\"https:\/\/dittmann-medical-writing.de\/de\/services\/\" \/>\n<meta property=\"og:site_name\" content=\"Dittmann Medical Writing \u2013 Hamburg\" \/>\n<meta property=\"article:modified_time\" content=\"2024-06-17T15:42:17+00:00\" \/>\n<meta property=\"og:image\" content=\"https:\/\/dittmann-medical-writing.de\/de\/wp-content\/uploads\/2024\/05\/AdobeStock_701660825-1024x683.jpeg\" \/>\n<meta name=\"twitter:card\" content=\"summary_large_image\" \/>\n<meta name=\"twitter:label1\" content=\"Gesch\u00e4tzte Lesezeit\" \/>\n\t<meta name=\"twitter:data1\" content=\"1\u00a0Minute\" \/>\n<script type=\"application\/ld+json\" class=\"yoast-schema-graph\">{\"@context\":\"https:\/\/schema.org\",\"@graph\":[{\"@type\":\"WebPage\",\"@id\":\"https:\/\/dittmann-medical-writing.de\/de\/services\/\",\"url\":\"https:\/\/dittmann-medical-writing.de\/de\/services\/\",\"name\":\"Services &#8211; Dittmann Medical Writing \u2013 Hamburg\",\"isPartOf\":{\"@id\":\"https:\/\/dittmann-medical-writing.de\/de\/#website\"},\"primaryImageOfPage\":{\"@id\":\"https:\/\/dittmann-medical-writing.de\/de\/services\/#primaryimage\"},\"image\":{\"@id\":\"https:\/\/dittmann-medical-writing.de\/de\/services\/#primaryimage\"},\"thumbnailUrl\":\"https:\/\/dittmann-medical-writing.de\/de\/wp-content\/uploads\/2024\/05\/AdobeStock_701660825-1024x683.jpeg\",\"datePublished\":\"2015-02-17T14:39:05+00:00\",\"dateModified\":\"2024-06-17T15:42:17+00:00\",\"description\":\"Dittmann Medical Writing bietet Ihnen umfangreiche Medical Writing Services in den Bereichen Regulatory, Educational, Scientific und MedComms\",\"breadcrumb\":{\"@id\":\"https:\/\/dittmann-medical-writing.de\/de\/services\/#breadcrumb\"},\"inLanguage\":\"de\",\"potentialAction\":[{\"@type\":\"ReadAction\",\"target\":[\"https:\/\/dittmann-medical-writing.de\/de\/services\/\"]}]},{\"@type\":\"ImageObject\",\"inLanguage\":\"de\",\"@id\":\"https:\/\/dittmann-medical-writing.de\/de\/services\/#primaryimage\",\"url\":\"https:\/\/dittmann-medical-writing.de\/de\/wp-content\/uploads\/2024\/05\/AdobeStock_701660825-scaled.jpeg\",\"contentUrl\":\"https:\/\/dittmann-medical-writing.de\/de\/wp-content\/uploads\/2024\/05\/AdobeStock_701660825-scaled.jpeg\",\"width\":2560,\"height\":1707},{\"@type\":\"BreadcrumbList\",\"@id\":\"https:\/\/dittmann-medical-writing.de\/de\/services\/#breadcrumb\",\"itemListElement\":[{\"@type\":\"ListItem\",\"position\":1,\"name\":\"Home\",\"item\":\"https:\/\/dittmann-medical-writing.de\/de\/\"},{\"@type\":\"ListItem\",\"position\":2,\"name\":\"Services\"}]},{\"@type\":\"WebSite\",\"@id\":\"https:\/\/dittmann-medical-writing.de\/de\/#website\",\"url\":\"https:\/\/dittmann-medical-writing.de\/de\/\",\"name\":\"Dittmann Medical Writing \u2013 Hamburg\",\"description\":\"\",\"publisher\":{\"@id\":\"https:\/\/dittmann-medical-writing.de\/de\/#organization\"},\"potentialAction\":[{\"@type\":\"SearchAction\",\"target\":{\"@type\":\"EntryPoint\",\"urlTemplate\":\"https:\/\/dittmann-medical-writing.de\/de\/?s={search_term_string}\"},\"query-input\":{\"@type\":\"PropertyValueSpecification\",\"valueRequired\":true,\"valueName\":\"search_term_string\"}}],\"inLanguage\":\"de\"},{\"@type\":\"Organization\",\"@id\":\"https:\/\/dittmann-medical-writing.de\/de\/#organization\",\"name\":\"Dittmann Medical Writing\",\"url\":\"https:\/\/dittmann-medical-writing.de\/de\/\",\"logo\":{\"@type\":\"ImageObject\",\"inLanguage\":\"de\",\"@id\":\"https:\/\/dittmann-medical-writing.de\/de\/#\/schema\/logo\/image\/\",\"url\":\"https:\/\/dittmann-medical-writing.de\/de\/wp-content\/uploads\/2016\/03\/logo_high_resolution.png\",\"contentUrl\":\"https:\/\/dittmann-medical-writing.de\/de\/wp-content\/uploads\/2016\/03\/logo_high_resolution.png\",\"width\":2333,\"height\":485,\"caption\":\"Dittmann Medical Writing\"},\"image\":{\"@id\":\"https:\/\/dittmann-medical-writing.de\/de\/#\/schema\/logo\/image\/\"},\"sameAs\":[\"https:\/\/de.linkedin.com\/in\/juliadittmann\"]}]}<\/script>\n<!-- \/ Yoast SEO plugin. -->","yoast_head_json":{"title":"Services &#8211; Dittmann Medical Writing \u2013 Hamburg","description":"Dittmann Medical Writing bietet Ihnen umfangreiche Medical Writing Services in den Bereichen Regulatory, Educational, Scientific und MedComms","robots":{"index":"index","follow":"follow","max-snippet":"max-snippet:-1","max-image-preview":"max-image-preview:large","max-video-preview":"max-video-preview:-1"},"canonical":"https:\/\/dittmann-medical-writing.de\/de\/services\/","og_locale":"de_DE","og_type":"article","og_title":"Services &#8211; Dittmann Medical Writing \u2013 Hamburg","og_description":"Dittmann Medical Writing bietet Ihnen umfangreiche Medical Writing Services in den Bereichen Regulatory, Educational, Scientific und MedComms","og_url":"https:\/\/dittmann-medical-writing.de\/de\/services\/","og_site_name":"Dittmann Medical Writing \u2013 Hamburg","article_modified_time":"2024-06-17T15:42:17+00:00","og_image":[{"url":"https:\/\/dittmann-medical-writing.de\/de\/wp-content\/uploads\/2024\/05\/AdobeStock_701660825-1024x683.jpeg","type":"","width":"","height":""}],"twitter_card":"summary_large_image","twitter_misc":{"Gesch\u00e4tzte Lesezeit":"1\u00a0Minute"},"schema":{"@context":"https:\/\/schema.org","@graph":[{"@type":"WebPage","@id":"https:\/\/dittmann-medical-writing.de\/de\/services\/","url":"https:\/\/dittmann-medical-writing.de\/de\/services\/","name":"Services &#8211; Dittmann Medical Writing \u2013 Hamburg","isPartOf":{"@id":"https:\/\/dittmann-medical-writing.de\/de\/#website"},"primaryImageOfPage":{"@id":"https:\/\/dittmann-medical-writing.de\/de\/services\/#primaryimage"},"image":{"@id":"https:\/\/dittmann-medical-writing.de\/de\/services\/#primaryimage"},"thumbnailUrl":"https:\/\/dittmann-medical-writing.de\/de\/wp-content\/uploads\/2024\/05\/AdobeStock_701660825-1024x683.jpeg","datePublished":"2015-02-17T14:39:05+00:00","dateModified":"2024-06-17T15:42:17+00:00","description":"Dittmann Medical Writing bietet Ihnen umfangreiche Medical Writing Services in den Bereichen Regulatory, Educational, Scientific und MedComms","breadcrumb":{"@id":"https:\/\/dittmann-medical-writing.de\/de\/services\/#breadcrumb"},"inLanguage":"de","potentialAction":[{"@type":"ReadAction","target":["https:\/\/dittmann-medical-writing.de\/de\/services\/"]}]},{"@type":"ImageObject","inLanguage":"de","@id":"https:\/\/dittmann-medical-writing.de\/de\/services\/#primaryimage","url":"https:\/\/dittmann-medical-writing.de\/de\/wp-content\/uploads\/2024\/05\/AdobeStock_701660825-scaled.jpeg","contentUrl":"https:\/\/dittmann-medical-writing.de\/de\/wp-content\/uploads\/2024\/05\/AdobeStock_701660825-scaled.jpeg","width":2560,"height":1707},{"@type":"BreadcrumbList","@id":"https:\/\/dittmann-medical-writing.de\/de\/services\/#breadcrumb","itemListElement":[{"@type":"ListItem","position":1,"name":"Home","item":"https:\/\/dittmann-medical-writing.de\/de\/"},{"@type":"ListItem","position":2,"name":"Services"}]},{"@type":"WebSite","@id":"https:\/\/dittmann-medical-writing.de\/de\/#website","url":"https:\/\/dittmann-medical-writing.de\/de\/","name":"Dittmann Medical Writing \u2013 Hamburg","description":"","publisher":{"@id":"https:\/\/dittmann-medical-writing.de\/de\/#organization"},"potentialAction":[{"@type":"SearchAction","target":{"@type":"EntryPoint","urlTemplate":"https:\/\/dittmann-medical-writing.de\/de\/?s={search_term_string}"},"query-input":{"@type":"PropertyValueSpecification","valueRequired":true,"valueName":"search_term_string"}}],"inLanguage":"de"},{"@type":"Organization","@id":"https:\/\/dittmann-medical-writing.de\/de\/#organization","name":"Dittmann Medical Writing","url":"https:\/\/dittmann-medical-writing.de\/de\/","logo":{"@type":"ImageObject","inLanguage":"de","@id":"https:\/\/dittmann-medical-writing.de\/de\/#\/schema\/logo\/image\/","url":"https:\/\/dittmann-medical-writing.de\/de\/wp-content\/uploads\/2016\/03\/logo_high_resolution.png","contentUrl":"https:\/\/dittmann-medical-writing.de\/de\/wp-content\/uploads\/2016\/03\/logo_high_resolution.png","width":2333,"height":485,"caption":"Dittmann Medical Writing"},"image":{"@id":"https:\/\/dittmann-medical-writing.de\/de\/#\/schema\/logo\/image\/"},"sameAs":["https:\/\/de.linkedin.com\/in\/juliadittmann"]}]}},"_links":{"self":[{"href":"https:\/\/dittmann-medical-writing.de\/de\/wp-json\/wp\/v2\/pages\/6","targetHints":{"allow":["GET"]}}],"collection":[{"href":"https:\/\/dittmann-medical-writing.de\/de\/wp-json\/wp\/v2\/pages"}],"about":[{"href":"https:\/\/dittmann-medical-writing.de\/de\/wp-json\/wp\/v2\/types\/page"}],"author":[{"embeddable":true,"href":"https:\/\/dittmann-medical-writing.de\/de\/wp-json\/wp\/v2\/users\/1"}],"replies":[{"embeddable":true,"href":"https:\/\/dittmann-medical-writing.de\/de\/wp-json\/wp\/v2\/comments?post=6"}],"version-history":[{"count":63,"href":"https:\/\/dittmann-medical-writing.de\/de\/wp-json\/wp\/v2\/pages\/6\/revisions"}],"predecessor-version":[{"id":1886,"href":"https:\/\/dittmann-medical-writing.de\/de\/wp-json\/wp\/v2\/pages\/6\/revisions\/1886"}],"wp:attachment":[{"href":"https:\/\/dittmann-medical-writing.de\/de\/wp-json\/wp\/v2\/media?parent=6"}],"curies":[{"name":"wp","href":"https:\/\/api.w.org\/{rel}","templated":true}]}}