{"id":946,"date":"2016-04-11T15:29:18","date_gmt":"2016-04-11T13:29:18","guid":{"rendered":"https:\/\/dittmann-medical-writing.de\/de\/?page_id=946"},"modified":"2024-08-16T10:04:36","modified_gmt":"2024-08-16T08:04:36","slug":"portfolio-2","status":"publish","type":"page","link":"https:\/\/dittmann-medical-writing.de\/de\/portfolio-2\/","title":{"rendered":"Portfolio"},"content":{"rendered":"\n\n\t<h1>Medical Writing Portfolio<\/h1>\n<p>Hier finden Sie mein aktuelles Portfolio im Medical Writing und erhalten einen \u00dcberblick zu Projekten, mit denen ich in verschiedenen Fachgebieten Erfahrungen gesammelt habe:<\/p>\n\t\t\t\t<a href=\"https:\/\/dittmann-medical-writing.de\/de\/hematology\" target=\"_self\" itemprop=\"url\" rel=\"noopener noreferrer\">\n\t\t\t\t<img loading=\"lazy\" decoding=\"async\" src=\"https:\/\/dittmann-medical-writing.de\/de\/wp-content\/uploads\/2015\/09\/Lymphocytes1.jpg\" alt=\"Lymphozyten Blutzellen H\u00e4matologie\" itemprop=\"image\" height=\"3000\" width=\"4000\" title=\"Lymphocytes\" onerror=\"this.style.display='none'\"  \/>\n\t\t\t\t<\/a>\n\t\tH\u00e4matologie\n\t\t\t\t<a href=\"https:\/\/dittmann-medical-writing.de\/de\/portfolio-2\/oncology\/\" target=\"_self\" itemprop=\"url\" rel=\"noopener noreferrer\">\n\t\t\t\t<img loading=\"lazy\" decoding=\"async\" src=\"https:\/\/dittmann-medical-writing.de\/de\/wp-content\/uploads\/2024\/05\/Cancer-624x361.jpeg\" alt=\"Cancer detection and screening as a treatment for malignant cells with a biopsy or testing caused by carcinogens and genetics with a cancerous cell as an immunotherapy symbol as a 3D render.\" itemprop=\"image\" height=\"361\" width=\"624\" title=\"Onkologie\" onerror=\"this.style.display='none'\"  \/>\n\t\t\t\t<\/a>\n\t\tOnkologie\n\t\t\t\t<a href=\"https:\/\/dittmann-medical-writing.de\/de\/portfolio-2\/neurology\/\" target=\"_self\" itemprop=\"url\" rel=\"noopener noreferrer\">\n\t\t\t\t<img loading=\"lazy\" decoding=\"async\" src=\"https:\/\/dittmann-medical-writing.de\/de\/wp-content\/uploads\/2016\/04\/Psychiatrie.jpg\" alt=\"Neurologie\" itemprop=\"image\" height=\"450\" width=\"600\" title=\"Neurologie\" onerror=\"this.style.display='none'\"  \/>\n\t\t\t\t<\/a>\n\t\tNeurologie\n\t\t\t\t<a href=\"https:\/\/dittmann-medical-writing.de\/de\/labmedicine\" target=\"_self\" itemprop=\"url\" rel=\"noopener noreferrer\">\n\t\t\t\t<img loading=\"lazy\" decoding=\"async\" src=\"https:\/\/dittmann-medical-writing.de\/de\/wp-content\/uploads\/2024\/05\/AdobeStock_265080298-scaled.jpeg\" alt=\"Diagnostika und Medizinprodukte\" itemprop=\"image\" height=\"994\" width=\"2560\" title=\"Test tubes with liquid in laboratory, Doctor hand holding droppe\" onerror=\"this.style.display='none'\"  \/>\n\t\t\t\t<\/a>\n\t\tDiagnostika und Medizinprodukte\n\t\t\t\t<a href=\"https:\/\/dittmann-medical-writing.de\/de\/portfolio-2\/more\/\" target=\"_self\" itemprop=\"url\" rel=\"noopener noreferrer\">\n\t\t\t\t<img loading=\"lazy\" decoding=\"async\" src=\"https:\/\/dittmann-medical-writing.de\/de\/wp-content\/uploads\/2016\/04\/Weitere.jpg\" alt=\"Weitere\" itemprop=\"image\" height=\"450\" width=\"600\" title=\"Weitere\" onerror=\"this.style.display='none'\"  \/>\n\t\t\t\t<\/a>\n\t\tWeitere\n\t\t\t\t<a href=\"https:\/\/dittmann-medical-writing.de\/de\/portfolio-2\/infectiology\/\" target=\"_self\" itemprop=\"url\" rel=\"noopener noreferrer\">\n\t\t\t\t<img loading=\"lazy\" decoding=\"async\" src=\"https:\/\/dittmann-medical-writing.de\/de\/wp-content\/uploads\/2024\/05\/AdobeStock_807883913-scaled.jpeg\" alt=\"Infektionspr\u00e4vention und Infektiologie\" itemprop=\"image\" height=\"1435\" width=\"2560\" title=\"A vivid image showcasing the thorough cleaning process using gloves and disinfectant\" onerror=\"this.style.display='none'\"  \/>\n\t\t\t\t<\/a>\n\t\tInfektionspr\u00e4vention und Infektiologie\n\t\t\t\t<a href=\"https:\/\/dittmann-medical-writing.de\/de\/gastroenterology\/\" target=\"_self\" itemprop=\"url\" rel=\"noopener noreferrer\">\n\t\t\t\t<img loading=\"lazy\" decoding=\"async\" src=\"https:\/\/dittmann-medical-writing.de\/de\/wp-content\/uploads\/2016\/04\/Gastroenterologie.jpg\" alt=\"Gastroenterologie\" itemprop=\"image\" height=\"450\" width=\"600\" title=\"Gastroenterologie\" onerror=\"this.style.display='none'\"  \/>\n\t\t\t\t<\/a>\n\t\tGastroenterologie\n\n","protected":false},"excerpt":{"rendered":"<p>Medical Writing Portfolio Hier finden Sie mein aktuelles Portfolio im Medical Writing und erhalten einen \u00dcberblick zu Projekten, mit denen ich in verschiedenen Fachgebieten Erfahrungen gesammelt habe: H\u00e4matologie Onkologie Neurologie Diagnostika und Medizinprodukte Weitere Infektionspr\u00e4vention und Infektiologie Gastroenterologie<\/p>\n","protected":false},"author":1,"featured_media":0,"parent":0,"menu_order":4,"comment_status":"closed","ping_status":"closed","template":"","meta":{"footnotes":""},"class_list":["post-946","page","type-page","status-publish","hentry"],"yoast_head":"<!-- This site is optimized with the Yoast SEO plugin v26.1 - https:\/\/yoast.com\/wordpress\/plugins\/seo\/ -->\n<title>Portfolio &#8211; Dittmann Medical Writing \u2013 Hamburg<\/title>\n<meta name=\"description\" content=\"Mein Portfolio im Medical Writing umfasst eine Vielzahl von Projekten aus den Bereichen Regulatory, Educational und Scientific Writing sowie MedComms\" \/>\n<meta name=\"robots\" content=\"index, follow, max-snippet:-1, max-image-preview:large, max-video-preview:-1\" \/>\n<link rel=\"canonical\" href=\"https:\/\/dittmann-medical-writing.de\/de\/portfolio-2\/\" \/>\n<meta property=\"og:locale\" content=\"de_DE\" \/>\n<meta property=\"og:type\" content=\"article\" \/>\n<meta property=\"og:title\" content=\"Portfolio &#8211; Dittmann Medical Writing \u2013 Hamburg\" \/>\n<meta property=\"og:description\" content=\"Mein Portfolio im Medical Writing umfasst eine Vielzahl von Projekten aus den Bereichen Regulatory, Educational und Scientific Writing sowie MedComms\" \/>\n<meta property=\"og:url\" content=\"https:\/\/dittmann-medical-writing.de\/de\/portfolio-2\/\" \/>\n<meta property=\"og:site_name\" content=\"Dittmann Medical Writing \u2013 Hamburg\" \/>\n<meta property=\"article:modified_time\" content=\"2024-08-16T08:04:36+00:00\" \/>\n<meta property=\"og:image\" content=\"https:\/\/dittmann-medical-writing.de\/de\/wp-content\/uploads\/2015\/09\/Lymphocytes1.jpg\" \/>\n<meta name=\"twitter:card\" content=\"summary_large_image\" \/>\n<script type=\"application\/ld+json\" class=\"yoast-schema-graph\">{\"@context\":\"https:\/\/schema.org\",\"@graph\":[{\"@type\":\"WebPage\",\"@id\":\"https:\/\/dittmann-medical-writing.de\/de\/portfolio-2\/\",\"url\":\"https:\/\/dittmann-medical-writing.de\/de\/portfolio-2\/\",\"name\":\"Portfolio &#8211; Dittmann Medical Writing \u2013 Hamburg\",\"isPartOf\":{\"@id\":\"https:\/\/dittmann-medical-writing.de\/de\/#website\"},\"primaryImageOfPage\":{\"@id\":\"https:\/\/dittmann-medical-writing.de\/de\/portfolio-2\/#primaryimage\"},\"image\":{\"@id\":\"https:\/\/dittmann-medical-writing.de\/de\/portfolio-2\/#primaryimage\"},\"thumbnailUrl\":\"https:\/\/dittmann-medical-writing.de\/de\/wp-content\/uploads\/2015\/09\/Lymphocytes1.jpg\",\"datePublished\":\"2016-04-11T13:29:18+00:00\",\"dateModified\":\"2024-08-16T08:04:36+00:00\",\"description\":\"Mein Portfolio im Medical Writing umfasst eine Vielzahl von Projekten aus den Bereichen Regulatory, Educational und Scientific Writing sowie MedComms\",\"breadcrumb\":{\"@id\":\"https:\/\/dittmann-medical-writing.de\/de\/portfolio-2\/#breadcrumb\"},\"inLanguage\":\"de\",\"potentialAction\":[{\"@type\":\"ReadAction\",\"target\":[\"https:\/\/dittmann-medical-writing.de\/de\/portfolio-2\/\"]}]},{\"@type\":\"ImageObject\",\"inLanguage\":\"de\",\"@id\":\"https:\/\/dittmann-medical-writing.de\/de\/portfolio-2\/#primaryimage\",\"url\":\"https:\/\/dittmann-medical-writing.de\/de\/wp-content\/uploads\/2015\/09\/Lymphocytes1.jpg\",\"contentUrl\":\"https:\/\/dittmann-medical-writing.de\/de\/wp-content\/uploads\/2015\/09\/Lymphocytes1.jpg\",\"width\":4000,\"height\":3000,\"caption\":\"H\u00e4matologie\"},{\"@type\":\"BreadcrumbList\",\"@id\":\"https:\/\/dittmann-medical-writing.de\/de\/portfolio-2\/#breadcrumb\",\"itemListElement\":[{\"@type\":\"ListItem\",\"position\":1,\"name\":\"Home\",\"item\":\"https:\/\/dittmann-medical-writing.de\/de\/\"},{\"@type\":\"ListItem\",\"position\":2,\"name\":\"Portfolio\"}]},{\"@type\":\"WebSite\",\"@id\":\"https:\/\/dittmann-medical-writing.de\/de\/#website\",\"url\":\"https:\/\/dittmann-medical-writing.de\/de\/\",\"name\":\"Dittmann Medical Writing \u2013 Hamburg\",\"description\":\"\",\"publisher\":{\"@id\":\"https:\/\/dittmann-medical-writing.de\/de\/#organization\"},\"potentialAction\":[{\"@type\":\"SearchAction\",\"target\":{\"@type\":\"EntryPoint\",\"urlTemplate\":\"https:\/\/dittmann-medical-writing.de\/de\/?s={search_term_string}\"},\"query-input\":{\"@type\":\"PropertyValueSpecification\",\"valueRequired\":true,\"valueName\":\"search_term_string\"}}],\"inLanguage\":\"de\"},{\"@type\":\"Organization\",\"@id\":\"https:\/\/dittmann-medical-writing.de\/de\/#organization\",\"name\":\"Dittmann Medical Writing\",\"url\":\"https:\/\/dittmann-medical-writing.de\/de\/\",\"logo\":{\"@type\":\"ImageObject\",\"inLanguage\":\"de\",\"@id\":\"https:\/\/dittmann-medical-writing.de\/de\/#\/schema\/logo\/image\/\",\"url\":\"https:\/\/dittmann-medical-writing.de\/de\/wp-content\/uploads\/2016\/03\/logo_high_resolution.png\",\"contentUrl\":\"https:\/\/dittmann-medical-writing.de\/de\/wp-content\/uploads\/2016\/03\/logo_high_resolution.png\",\"width\":2333,\"height\":485,\"caption\":\"Dittmann Medical Writing\"},\"image\":{\"@id\":\"https:\/\/dittmann-medical-writing.de\/de\/#\/schema\/logo\/image\/\"},\"sameAs\":[\"https:\/\/de.linkedin.com\/in\/juliadittmann\"]}]}<\/script>\n<!-- \/ Yoast SEO plugin. -->","yoast_head_json":{"title":"Portfolio &#8211; Dittmann Medical Writing \u2013 Hamburg","description":"Mein Portfolio im Medical Writing umfasst eine Vielzahl von Projekten aus den Bereichen Regulatory, Educational und Scientific Writing sowie MedComms","robots":{"index":"index","follow":"follow","max-snippet":"max-snippet:-1","max-image-preview":"max-image-preview:large","max-video-preview":"max-video-preview:-1"},"canonical":"https:\/\/dittmann-medical-writing.de\/de\/portfolio-2\/","og_locale":"de_DE","og_type":"article","og_title":"Portfolio &#8211; Dittmann Medical Writing \u2013 Hamburg","og_description":"Mein Portfolio im Medical Writing umfasst eine Vielzahl von Projekten aus den Bereichen Regulatory, Educational und Scientific Writing sowie MedComms","og_url":"https:\/\/dittmann-medical-writing.de\/de\/portfolio-2\/","og_site_name":"Dittmann Medical Writing \u2013 Hamburg","article_modified_time":"2024-08-16T08:04:36+00:00","og_image":[{"url":"https:\/\/dittmann-medical-writing.de\/de\/wp-content\/uploads\/2015\/09\/Lymphocytes1.jpg","type":"","width":"","height":""}],"twitter_card":"summary_large_image","schema":{"@context":"https:\/\/schema.org","@graph":[{"@type":"WebPage","@id":"https:\/\/dittmann-medical-writing.de\/de\/portfolio-2\/","url":"https:\/\/dittmann-medical-writing.de\/de\/portfolio-2\/","name":"Portfolio &#8211; Dittmann Medical Writing \u2013 Hamburg","isPartOf":{"@id":"https:\/\/dittmann-medical-writing.de\/de\/#website"},"primaryImageOfPage":{"@id":"https:\/\/dittmann-medical-writing.de\/de\/portfolio-2\/#primaryimage"},"image":{"@id":"https:\/\/dittmann-medical-writing.de\/de\/portfolio-2\/#primaryimage"},"thumbnailUrl":"https:\/\/dittmann-medical-writing.de\/de\/wp-content\/uploads\/2015\/09\/Lymphocytes1.jpg","datePublished":"2016-04-11T13:29:18+00:00","dateModified":"2024-08-16T08:04:36+00:00","description":"Mein Portfolio im Medical Writing umfasst eine Vielzahl von Projekten aus den Bereichen Regulatory, Educational und Scientific Writing sowie MedComms","breadcrumb":{"@id":"https:\/\/dittmann-medical-writing.de\/de\/portfolio-2\/#breadcrumb"},"inLanguage":"de","potentialAction":[{"@type":"ReadAction","target":["https:\/\/dittmann-medical-writing.de\/de\/portfolio-2\/"]}]},{"@type":"ImageObject","inLanguage":"de","@id":"https:\/\/dittmann-medical-writing.de\/de\/portfolio-2\/#primaryimage","url":"https:\/\/dittmann-medical-writing.de\/de\/wp-content\/uploads\/2015\/09\/Lymphocytes1.jpg","contentUrl":"https:\/\/dittmann-medical-writing.de\/de\/wp-content\/uploads\/2015\/09\/Lymphocytes1.jpg","width":4000,"height":3000,"caption":"H\u00e4matologie"},{"@type":"BreadcrumbList","@id":"https:\/\/dittmann-medical-writing.de\/de\/portfolio-2\/#breadcrumb","itemListElement":[{"@type":"ListItem","position":1,"name":"Home","item":"https:\/\/dittmann-medical-writing.de\/de\/"},{"@type":"ListItem","position":2,"name":"Portfolio"}]},{"@type":"WebSite","@id":"https:\/\/dittmann-medical-writing.de\/de\/#website","url":"https:\/\/dittmann-medical-writing.de\/de\/","name":"Dittmann Medical Writing \u2013 Hamburg","description":"","publisher":{"@id":"https:\/\/dittmann-medical-writing.de\/de\/#organization"},"potentialAction":[{"@type":"SearchAction","target":{"@type":"EntryPoint","urlTemplate":"https:\/\/dittmann-medical-writing.de\/de\/?s={search_term_string}"},"query-input":{"@type":"PropertyValueSpecification","valueRequired":true,"valueName":"search_term_string"}}],"inLanguage":"de"},{"@type":"Organization","@id":"https:\/\/dittmann-medical-writing.de\/de\/#organization","name":"Dittmann Medical Writing","url":"https:\/\/dittmann-medical-writing.de\/de\/","logo":{"@type":"ImageObject","inLanguage":"de","@id":"https:\/\/dittmann-medical-writing.de\/de\/#\/schema\/logo\/image\/","url":"https:\/\/dittmann-medical-writing.de\/de\/wp-content\/uploads\/2016\/03\/logo_high_resolution.png","contentUrl":"https:\/\/dittmann-medical-writing.de\/de\/wp-content\/uploads\/2016\/03\/logo_high_resolution.png","width":2333,"height":485,"caption":"Dittmann Medical Writing"},"image":{"@id":"https:\/\/dittmann-medical-writing.de\/de\/#\/schema\/logo\/image\/"},"sameAs":["https:\/\/de.linkedin.com\/in\/juliadittmann"]}]}},"_links":{"self":[{"href":"https:\/\/dittmann-medical-writing.de\/de\/wp-json\/wp\/v2\/pages\/946","targetHints":{"allow":["GET"]}}],"collection":[{"href":"https:\/\/dittmann-medical-writing.de\/de\/wp-json\/wp\/v2\/pages"}],"about":[{"href":"https:\/\/dittmann-medical-writing.de\/de\/wp-json\/wp\/v2\/types\/page"}],"author":[{"embeddable":true,"href":"https:\/\/dittmann-medical-writing.de\/de\/wp-json\/wp\/v2\/users\/1"}],"replies":[{"embeddable":true,"href":"https:\/\/dittmann-medical-writing.de\/de\/wp-json\/wp\/v2\/comments?post=946"}],"version-history":[{"count":40,"href":"https:\/\/dittmann-medical-writing.de\/de\/wp-json\/wp\/v2\/pages\/946\/revisions"}],"predecessor-version":[{"id":1895,"href":"https:\/\/dittmann-medical-writing.de\/de\/wp-json\/wp\/v2\/pages\/946\/revisions\/1895"}],"wp:attachment":[{"href":"https:\/\/dittmann-medical-writing.de\/de\/wp-json\/wp\/v2\/media?parent=946"}],"curies":[{"name":"wp","href":"https:\/\/api.w.org\/{rel}","templated":true}]}}