{"id":982,"date":"2016-04-11T18:05:42","date_gmt":"2016-04-11T16:05:42","guid":{"rendered":"https:\/\/dittmann-medical-writing.de\/de\/?page_id=982"},"modified":"2024-07-09T14:08:55","modified_gmt":"2024-07-09T12:08:55","slug":"labmedicine","status":"publish","type":"page","link":"https:\/\/dittmann-medical-writing.de\/de\/portfolio-2\/labmedicine\/","title":{"rendered":"Diagnostika \/\/ Medizinprodukte"},"content":{"rendered":"\n\n\t<p>&nbsp;<\/p>\n<p>&nbsp;<\/p>\n<p>&nbsp;<\/p>\n<p><a title=\"Psychiatrie und Neurologie\" href=\"https:\/\/dittmann-medical-writing.de\/de\/portfolio-2\/neurology\/\"><strong>&lt;<\/strong><\/a><\/p>\n\t\t\t\t<img loading=\"lazy\" decoding=\"async\" src=\"https:\/\/dittmann-medical-writing.de\/de\/wp-content\/uploads\/2024\/05\/AdobeStock_265080298-1024x398.jpeg\" alt=\"Diagnostika und Medizinprodukte\" itemprop=\"image\" height=\"243\" width=\"625\" title=\"Test tubes with liquid in laboratory, Doctor hand holding droppe\" onerror=\"this.style.display='none'\"  \/>\n\t<p>&nbsp;<\/p>\n<p>&nbsp;<\/p>\n<p>&nbsp;<\/p>\n<p><a title=\"Dermatologie\" href=\"https:\/\/dittmann-medical-writing.de\/de\/portfolio-2\/infectiology\/\"><strong>&gt;<\/strong><\/a><\/p>\n\t<h1>Diagnostika und Medizinprodukte<br \/>\n<\/h1>\n<p><strong>Dialyse und andere Blutreinigungsverfahren: <\/strong><\/p>\n<ul>\n<li>Bericht zu einem Advisory Board im Rahmen der Neuentwicklung einer Dialysemembran<\/li>\n<li>Studienbericht f\u00fcr eine randomisierte, interventionelle Studie zur klinischen Performance und H\u00e4mokompatibilit\u00e4t<\/li>\n<li>Umfangreiche Slide Decks f\u00fcr Schulungen<\/li>\n<li>Abschlussbericht und Manuskript zu einer In-vivo-Studie in Tieren<\/li>\n<\/ul>\n<p><strong>Endokrinologische Marker: <\/strong><\/p>\n<ul>\n<li>Bewertung des diagnostischen Nutzens zur Aufnahme in den Leistungskatalog der GKV<\/li>\n<li>Mehrere Dokumentationsberichte zur klinischen und wissenschaftlichen Evidenz verschiedener Biomarker<\/li>\n<\/ul>\n<p><strong>Harnleiterschienen: <\/strong><\/p>\n<ul>\n<li>Wissenschaftliche Inhalte f\u00fcr eine klinische Studienbrosch\u00fcre<\/li>\n<\/ul>\n<p><strong>Kardiale Marker: <\/strong><\/p>\n<ul>\n<li>Bewertung des diagnostischen Nutzens zur Aufnahme in den Leistungskatalog der GKV<\/li>\n<li>Mehrere Dokumentationsberichte zur klinischen und wissenschaftlichen Evidenz verschiedener Biomarker<\/li>\n<\/ul>\n<p><strong>Laborh\u00e4matologie und Liquor-Diagnostik: <\/strong><\/p>\n<ul>\n<li>Slide Decks, Wissenschaftskalender, Kurzartikel, Kundeninformationen, Unternehmensmitteilungen etc.<\/li>\n<\/ul>\n<p><strong>Tumormarker: <\/strong><\/p>\n<ul>\n<li>Dokumentationsberichte zur klinischen und wissenschaftlichen Evidenz diverser Biomarker<\/li>\n<\/ul>\n<p><strong>Ven\u00f6se Stents: <\/strong><\/p>\n<ul>\n<li>Periodische Post-Marketing-Follow-up-Berichte<\/li>\n<\/ul>\n<p><a title=\"Portfolio\" href=\"https:\/\/dittmann-medical-writing.de\/de\/portfolio-2\/\">Zur\u00fcck zur \u00dcbersicht<\/a><\/p>\n\n","protected":false},"excerpt":{"rendered":"<p>&nbsp; &nbsp; &nbsp; &lt; &nbsp; &nbsp; &nbsp; &gt; Diagnostika und Medizinprodukte Dialyse und andere Blutreinigungsverfahren: Bericht zu einem Advisory Board im Rahmen der Neuentwicklung einer Dialysemembran Studienbericht f\u00fcr eine randomisierte, interventionelle Studie zur klinischen Performance und H\u00e4mokompatibilit\u00e4t Umfangreiche Slide Decks f\u00fcr Schulungen Abschlussbericht und Manuskript zu einer In-vivo-Studie in Tieren Endokrinologische Marker: Bewertung des diagnostischen [&hellip;]<\/p>\n","protected":false},"author":1,"featured_media":0,"parent":946,"menu_order":3,"comment_status":"closed","ping_status":"closed","template":"","meta":{"footnotes":""},"class_list":["post-982","page","type-page","status-publish","hentry"],"yoast_head":"<!-- This site is optimized with the Yoast SEO plugin v26.1 - https:\/\/yoast.com\/wordpress\/plugins\/seo\/ -->\n<title>Diagnostika \/\/ Medizinprodukte &#8211; Dittmann Medical Writing \u2013 Hamburg<\/title>\n<meta name=\"robots\" content=\"index, follow, max-snippet:-1, max-image-preview:large, max-video-preview:-1\" \/>\n<link rel=\"canonical\" href=\"https:\/\/dittmann-medical-writing.de\/de\/portfolio-2\/labmedicine\/\" \/>\n<meta property=\"og:locale\" content=\"de_DE\" \/>\n<meta property=\"og:type\" content=\"article\" \/>\n<meta property=\"og:title\" content=\"Diagnostika \/\/ Medizinprodukte &#8211; Dittmann Medical Writing \u2013 Hamburg\" \/>\n<meta property=\"og:description\" content=\"&nbsp; &nbsp; &nbsp; &lt; &nbsp; &nbsp; &nbsp; &gt; Diagnostika und Medizinprodukte Dialyse und andere Blutreinigungsverfahren: Bericht zu einem Advisory Board im Rahmen der Neuentwicklung einer Dialysemembran Studienbericht f\u00fcr eine randomisierte, interventionelle Studie zur klinischen Performance und H\u00e4mokompatibilit\u00e4t Umfangreiche Slide Decks f\u00fcr Schulungen Abschlussbericht und Manuskript zu einer In-vivo-Studie in Tieren Endokrinologische Marker: Bewertung des diagnostischen [&hellip;]\" \/>\n<meta property=\"og:url\" content=\"https:\/\/dittmann-medical-writing.de\/de\/portfolio-2\/labmedicine\/\" \/>\n<meta property=\"og:site_name\" content=\"Dittmann Medical Writing \u2013 Hamburg\" \/>\n<meta property=\"article:modified_time\" content=\"2024-07-09T12:08:55+00:00\" \/>\n<meta property=\"og:image\" content=\"https:\/\/dittmann-medical-writing.de\/de\/wp-content\/uploads\/2024\/05\/AdobeStock_265080298-1024x398.jpeg\" \/>\n<meta name=\"twitter:card\" content=\"summary_large_image\" \/>\n<meta name=\"twitter:label1\" content=\"Gesch\u00e4tzte Lesezeit\" \/>\n\t<meta name=\"twitter:data1\" content=\"1\u00a0Minute\" \/>\n<script type=\"application\/ld+json\" class=\"yoast-schema-graph\">{\"@context\":\"https:\/\/schema.org\",\"@graph\":[{\"@type\":\"WebPage\",\"@id\":\"https:\/\/dittmann-medical-writing.de\/de\/portfolio-2\/labmedicine\/\",\"url\":\"https:\/\/dittmann-medical-writing.de\/de\/portfolio-2\/labmedicine\/\",\"name\":\"Diagnostika \/\/ Medizinprodukte &#8211; Dittmann Medical Writing \u2013 Hamburg\",\"isPartOf\":{\"@id\":\"https:\/\/dittmann-medical-writing.de\/de\/#website\"},\"primaryImageOfPage\":{\"@id\":\"https:\/\/dittmann-medical-writing.de\/de\/portfolio-2\/labmedicine\/#primaryimage\"},\"image\":{\"@id\":\"https:\/\/dittmann-medical-writing.de\/de\/portfolio-2\/labmedicine\/#primaryimage\"},\"thumbnailUrl\":\"https:\/\/dittmann-medical-writing.de\/de\/wp-content\/uploads\/2024\/05\/AdobeStock_265080298-1024x398.jpeg\",\"datePublished\":\"2016-04-11T16:05:42+00:00\",\"dateModified\":\"2024-07-09T12:08:55+00:00\",\"breadcrumb\":{\"@id\":\"https:\/\/dittmann-medical-writing.de\/de\/portfolio-2\/labmedicine\/#breadcrumb\"},\"inLanguage\":\"de\",\"potentialAction\":[{\"@type\":\"ReadAction\",\"target\":[\"https:\/\/dittmann-medical-writing.de\/de\/portfolio-2\/labmedicine\/\"]}]},{\"@type\":\"ImageObject\",\"inLanguage\":\"de\",\"@id\":\"https:\/\/dittmann-medical-writing.de\/de\/portfolio-2\/labmedicine\/#primaryimage\",\"url\":\"https:\/\/dittmann-medical-writing.de\/de\/wp-content\/uploads\/2024\/05\/AdobeStock_265080298-scaled.jpeg\",\"contentUrl\":\"https:\/\/dittmann-medical-writing.de\/de\/wp-content\/uploads\/2024\/05\/AdobeStock_265080298-scaled.jpeg\",\"width\":2560,\"height\":994,\"caption\":\"Diagnostika und Medizinprodukte\"},{\"@type\":\"BreadcrumbList\",\"@id\":\"https:\/\/dittmann-medical-writing.de\/de\/portfolio-2\/labmedicine\/#breadcrumb\",\"itemListElement\":[{\"@type\":\"ListItem\",\"position\":1,\"name\":\"Home\",\"item\":\"https:\/\/dittmann-medical-writing.de\/de\/\"},{\"@type\":\"ListItem\",\"position\":2,\"name\":\"Portfolio\",\"item\":\"https:\/\/dittmann-medical-writing.de\/de\/portfolio-2\/\"},{\"@type\":\"ListItem\",\"position\":3,\"name\":\"Diagnostika \/\/ Medizinprodukte\"}]},{\"@type\":\"WebSite\",\"@id\":\"https:\/\/dittmann-medical-writing.de\/de\/#website\",\"url\":\"https:\/\/dittmann-medical-writing.de\/de\/\",\"name\":\"Dittmann Medical Writing \u2013 Hamburg\",\"description\":\"\",\"publisher\":{\"@id\":\"https:\/\/dittmann-medical-writing.de\/de\/#organization\"},\"potentialAction\":[{\"@type\":\"SearchAction\",\"target\":{\"@type\":\"EntryPoint\",\"urlTemplate\":\"https:\/\/dittmann-medical-writing.de\/de\/?s={search_term_string}\"},\"query-input\":{\"@type\":\"PropertyValueSpecification\",\"valueRequired\":true,\"valueName\":\"search_term_string\"}}],\"inLanguage\":\"de\"},{\"@type\":\"Organization\",\"@id\":\"https:\/\/dittmann-medical-writing.de\/de\/#organization\",\"name\":\"Dittmann Medical Writing\",\"url\":\"https:\/\/dittmann-medical-writing.de\/de\/\",\"logo\":{\"@type\":\"ImageObject\",\"inLanguage\":\"de\",\"@id\":\"https:\/\/dittmann-medical-writing.de\/de\/#\/schema\/logo\/image\/\",\"url\":\"https:\/\/dittmann-medical-writing.de\/de\/wp-content\/uploads\/2016\/03\/logo_high_resolution.png\",\"contentUrl\":\"https:\/\/dittmann-medical-writing.de\/de\/wp-content\/uploads\/2016\/03\/logo_high_resolution.png\",\"width\":2333,\"height\":485,\"caption\":\"Dittmann Medical Writing\"},\"image\":{\"@id\":\"https:\/\/dittmann-medical-writing.de\/de\/#\/schema\/logo\/image\/\"},\"sameAs\":[\"https:\/\/de.linkedin.com\/in\/juliadittmann\"]}]}<\/script>\n<!-- \/ Yoast SEO plugin. -->","yoast_head_json":{"title":"Diagnostika \/\/ Medizinprodukte &#8211; Dittmann Medical Writing \u2013 Hamburg","robots":{"index":"index","follow":"follow","max-snippet":"max-snippet:-1","max-image-preview":"max-image-preview:large","max-video-preview":"max-video-preview:-1"},"canonical":"https:\/\/dittmann-medical-writing.de\/de\/portfolio-2\/labmedicine\/","og_locale":"de_DE","og_type":"article","og_title":"Diagnostika \/\/ Medizinprodukte &#8211; Dittmann Medical Writing \u2013 Hamburg","og_description":"&nbsp; &nbsp; &nbsp; &lt; &nbsp; &nbsp; &nbsp; &gt; Diagnostika und Medizinprodukte Dialyse und andere Blutreinigungsverfahren: Bericht zu einem Advisory Board im Rahmen der Neuentwicklung einer Dialysemembran Studienbericht f\u00fcr eine randomisierte, interventionelle Studie zur klinischen Performance und H\u00e4mokompatibilit\u00e4t Umfangreiche Slide Decks f\u00fcr Schulungen Abschlussbericht und Manuskript zu einer In-vivo-Studie in Tieren Endokrinologische Marker: Bewertung des diagnostischen [&hellip;]","og_url":"https:\/\/dittmann-medical-writing.de\/de\/portfolio-2\/labmedicine\/","og_site_name":"Dittmann Medical Writing \u2013 Hamburg","article_modified_time":"2024-07-09T12:08:55+00:00","og_image":[{"url":"https:\/\/dittmann-medical-writing.de\/de\/wp-content\/uploads\/2024\/05\/AdobeStock_265080298-1024x398.jpeg","type":"","width":"","height":""}],"twitter_card":"summary_large_image","twitter_misc":{"Gesch\u00e4tzte Lesezeit":"1\u00a0Minute"},"schema":{"@context":"https:\/\/schema.org","@graph":[{"@type":"WebPage","@id":"https:\/\/dittmann-medical-writing.de\/de\/portfolio-2\/labmedicine\/","url":"https:\/\/dittmann-medical-writing.de\/de\/portfolio-2\/labmedicine\/","name":"Diagnostika \/\/ Medizinprodukte &#8211; Dittmann Medical Writing \u2013 Hamburg","isPartOf":{"@id":"https:\/\/dittmann-medical-writing.de\/de\/#website"},"primaryImageOfPage":{"@id":"https:\/\/dittmann-medical-writing.de\/de\/portfolio-2\/labmedicine\/#primaryimage"},"image":{"@id":"https:\/\/dittmann-medical-writing.de\/de\/portfolio-2\/labmedicine\/#primaryimage"},"thumbnailUrl":"https:\/\/dittmann-medical-writing.de\/de\/wp-content\/uploads\/2024\/05\/AdobeStock_265080298-1024x398.jpeg","datePublished":"2016-04-11T16:05:42+00:00","dateModified":"2024-07-09T12:08:55+00:00","breadcrumb":{"@id":"https:\/\/dittmann-medical-writing.de\/de\/portfolio-2\/labmedicine\/#breadcrumb"},"inLanguage":"de","potentialAction":[{"@type":"ReadAction","target":["https:\/\/dittmann-medical-writing.de\/de\/portfolio-2\/labmedicine\/"]}]},{"@type":"ImageObject","inLanguage":"de","@id":"https:\/\/dittmann-medical-writing.de\/de\/portfolio-2\/labmedicine\/#primaryimage","url":"https:\/\/dittmann-medical-writing.de\/de\/wp-content\/uploads\/2024\/05\/AdobeStock_265080298-scaled.jpeg","contentUrl":"https:\/\/dittmann-medical-writing.de\/de\/wp-content\/uploads\/2024\/05\/AdobeStock_265080298-scaled.jpeg","width":2560,"height":994,"caption":"Diagnostika und Medizinprodukte"},{"@type":"BreadcrumbList","@id":"https:\/\/dittmann-medical-writing.de\/de\/portfolio-2\/labmedicine\/#breadcrumb","itemListElement":[{"@type":"ListItem","position":1,"name":"Home","item":"https:\/\/dittmann-medical-writing.de\/de\/"},{"@type":"ListItem","position":2,"name":"Portfolio","item":"https:\/\/dittmann-medical-writing.de\/de\/portfolio-2\/"},{"@type":"ListItem","position":3,"name":"Diagnostika \/\/ Medizinprodukte"}]},{"@type":"WebSite","@id":"https:\/\/dittmann-medical-writing.de\/de\/#website","url":"https:\/\/dittmann-medical-writing.de\/de\/","name":"Dittmann Medical Writing \u2013 Hamburg","description":"","publisher":{"@id":"https:\/\/dittmann-medical-writing.de\/de\/#organization"},"potentialAction":[{"@type":"SearchAction","target":{"@type":"EntryPoint","urlTemplate":"https:\/\/dittmann-medical-writing.de\/de\/?s={search_term_string}"},"query-input":{"@type":"PropertyValueSpecification","valueRequired":true,"valueName":"search_term_string"}}],"inLanguage":"de"},{"@type":"Organization","@id":"https:\/\/dittmann-medical-writing.de\/de\/#organization","name":"Dittmann Medical Writing","url":"https:\/\/dittmann-medical-writing.de\/de\/","logo":{"@type":"ImageObject","inLanguage":"de","@id":"https:\/\/dittmann-medical-writing.de\/de\/#\/schema\/logo\/image\/","url":"https:\/\/dittmann-medical-writing.de\/de\/wp-content\/uploads\/2016\/03\/logo_high_resolution.png","contentUrl":"https:\/\/dittmann-medical-writing.de\/de\/wp-content\/uploads\/2016\/03\/logo_high_resolution.png","width":2333,"height":485,"caption":"Dittmann Medical Writing"},"image":{"@id":"https:\/\/dittmann-medical-writing.de\/de\/#\/schema\/logo\/image\/"},"sameAs":["https:\/\/de.linkedin.com\/in\/juliadittmann"]}]}},"_links":{"self":[{"href":"https:\/\/dittmann-medical-writing.de\/de\/wp-json\/wp\/v2\/pages\/982","targetHints":{"allow":["GET"]}}],"collection":[{"href":"https:\/\/dittmann-medical-writing.de\/de\/wp-json\/wp\/v2\/pages"}],"about":[{"href":"https:\/\/dittmann-medical-writing.de\/de\/wp-json\/wp\/v2\/types\/page"}],"author":[{"embeddable":true,"href":"https:\/\/dittmann-medical-writing.de\/de\/wp-json\/wp\/v2\/users\/1"}],"replies":[{"embeddable":true,"href":"https:\/\/dittmann-medical-writing.de\/de\/wp-json\/wp\/v2\/comments?post=982"}],"version-history":[{"count":34,"href":"https:\/\/dittmann-medical-writing.de\/de\/wp-json\/wp\/v2\/pages\/982\/revisions"}],"predecessor-version":[{"id":1888,"href":"https:\/\/dittmann-medical-writing.de\/de\/wp-json\/wp\/v2\/pages\/982\/revisions\/1888"}],"up":[{"embeddable":true,"href":"https:\/\/dittmann-medical-writing.de\/de\/wp-json\/wp\/v2\/pages\/946"}],"wp:attachment":[{"href":"https:\/\/dittmann-medical-writing.de\/de\/wp-json\/wp\/v2\/media?parent=982"}],"curies":[{"name":"wp","href":"https:\/\/api.w.org\/{rel}","templated":true}]}}